{"id":3088,"date":"2019-08-06T14:36:49","date_gmt":"2019-08-06T17:36:49","guid":{"rendered":"https:\/\/www.dreamingdogs.com.br\/shop\/?page_id=3088"},"modified":"2020-10-07T16:32:49","modified_gmt":"2020-10-07T19:32:49","slug":"sobre","status":"publish","type":"page","link":"https:\/\/www.dreamingdogs.com.br\/shop\/sobre\/","title":{"rendered":"Sobre"},"content":{"rendered":"<div class=\"wpb-content-wrapper\"><p>[vc_row full_width=&#8221;stretch_row_content&#8221; full_height=&#8221;yes&#8221; content_placement=&#8221;middle&#8221; height=&#8221;700px&#8221; css=&#8221;.vc_custom_1574427165608{border-right-width: 20px !important;border-bottom-width: 20px !important;border-left-width: 20px !important;background-image: url(https:\/\/www.dreamingdogs.com.br\/shop\/wp-content\/uploads\/2019\/08\/DD-ruling-pens19.jpg?id=3083) !important;background-position: center !important;background-repeat: no-repeat !important;background-size: cover !important;border-left-color: #ffffff !important;border-left-style: solid !important;border-right-color: #ffffff !important;border-right-style: solid !important;border-bottom-color: #ffffff !important;border-bottom-style: solid !important;}&#8221;][vc_column][\/vc_column][\/vc_row][vc_row equal_height=&#8221;yes&#8221; content_placement=&#8221;middle&#8221; css_animation=&#8221;fadeIn&#8221; height=&#8221;500px&#8221; type=&#8221;boxed&#8221; css=&#8221;.vc_custom_1580301914042{margin-top: 20px !important;margin-right: 20px !important;margin-left: 20px !important;}&#8221;][vc_column width=&#8221;5\/12&#8243; css=&#8221;.vc_custom_1565049750829{padding-right: 15% !important;padding-left: 15% !important;}&#8221;][vc_column_text]Ol\u00e1!<br \/>\nN\u00f3s somos a Dreaming Dogs, a matilha dos c\u00e3es sonhadores. Porque eles nos ensinaram a viver, n\u00f3s os ensinamos a sonhar!<\/p>\n<p>A matilha \u00e9 um grupo de indiv\u00edduos ligados por la\u00e7os afetivos e rela\u00e7\u00f5es de amizade e respeito, onde todos se auxiliam, protegem, e trabalham em conjunto pelo bem estar coletivo, cada um desempenhando a sua fun\u00e7\u00e3o, todos em busca de um mesmo objetivo.[\/vc_column_text][\/vc_column][vc_column width=&#8221;7\/12&#8243; css=&#8221;.vc_custom_1579886532133{background-position: center !important;background-repeat: no-repeat !important;background-size: cover !important;}&#8221;][vc_single_image image=&#8221;4024&#8243; img_size=&#8221;full&#8221; alignment=&#8221;center&#8221;][\/vc_column][\/vc_row][vc_row equal_height=&#8221;yes&#8221; content_placement=&#8221;middle&#8221; css_animation=&#8221;fadeIn&#8221; height=&#8221;500px&#8221; type=&#8221;boxed&#8221; css=&#8221;.vc_custom_1579886596808{margin-right: 20px !important;margin-left: 20px !important;}&#8221;][vc_column width=&#8221;7\/12&#8243; css=&#8221;.vc_custom_1579886583050{background-position: center !important;background-repeat: no-repeat !important;background-size: cover !important;}&#8221;][vc_single_image image=&#8221;3117&#8243; img_size=&#8221;full&#8221; alignment=&#8221;center&#8221;][\/vc_column][vc_column width=&#8221;5\/12&#8243; css=&#8221;.vc_custom_1565047758462{padding-right: 17% !important;padding-left: 17% !important;background-position: center !important;background-repeat: no-repeat !important;background-size: cover !important;}&#8221;][vc_column_text]<\/p>\n<div class=\"text\">\n<p>N\u00f3s trabalhamos com dedica\u00e7\u00e3o e empenho, com a motiva\u00e7\u00e3o e a seriedade das pessoas verdadeiramente comprometidas com o que fazem, porque fazem com sentimento, com afeto, com entrega&#8230;<\/p>\n<p>Valorizamos o processo, cuidamos dos pequenos detalhes, nos importamos com aquilo que ningu\u00e9m observa. Sim, \u00e9 inevit\u00e1vel, n\u00f3s somos perfeccionistas. Aprendemos com nossos erros e tentativas, fazemos ajustes, adapta\u00e7\u00f5es, nos divertimos com as descobertas, vibramos com as pequenas conquistas, e estamos sempre buscando a excel\u00eancia do nosso trabalho.<\/p>\n<\/div>\n<p>[\/vc_column_text][\/vc_column][\/vc_row][vc_row equal_height=&#8221;yes&#8221; content_placement=&#8221;middle&#8221; css_animation=&#8221;fadeIn&#8221; height=&#8221;500px&#8221; type=&#8221;boxed&#8221; css=&#8221;.vc_custom_1579886646592{margin-right: 20px !important;margin-left: 20px !important;}&#8221;][vc_column width=&#8221;5\/12&#8243; css=&#8221;.vc_custom_1565049145363{padding-right: 17% !important;padding-left: 17% !important;}&#8221;][vc_column_text]<\/p>\n<div class=\"text\">\n<div class=\"text\">\n<p>Tudo o que fazemos carrega um pouco da nossa alma, tem a marca da nossa personalidade, da nossa forma otimista de ver o mundo.<\/p>\n<p>N\u00f3s acreditamos que um lugar melhor n\u00e3o \u00e9 uma utopia, \u00e9 fruto de ideias inteligentes e decis\u00f5es conscientes, resultado natural de pequenas atitudes an\u00f4nimas, pautadas no equil\u00edbrio, na coer\u00eancia, na integridade e principalmente no respeito a tudo que nos cerca.<\/p>\n<\/div>\n<\/div>\n<p>[\/vc_column_text][\/vc_column][vc_column width=&#8221;7\/12&#8243; css=&#8221;.vc_custom_1579886634509{background-position: center !important;background-repeat: no-repeat !important;background-size: cover !important;}&#8221;][vc_single_image image=&#8221;3120&#8243; img_size=&#8221;full&#8221; alignment=&#8221;center&#8221;][\/vc_column][\/vc_row][vc_row equal_height=&#8221;yes&#8221; content_placement=&#8221;middle&#8221; css_animation=&#8221;fadeIn&#8221; height=&#8221;500px&#8221; type=&#8221;boxed&#8221; css=&#8221;.vc_custom_1579886858709{margin-right: 20px !important;margin-bottom: 30px !important;margin-left: 20px !important;}&#8221;][vc_column width=&#8221;7\/12&#8243; css=&#8221;.vc_custom_1579886693045{background-position: center !important;background-repeat: no-repeat !important;background-size: cover !important;}&#8221;][vc_single_image image=&#8221;3124&#8243; img_size=&#8221;full&#8221; alignment=&#8221;center&#8221;][\/vc_column][vc_column width=&#8221;5\/12&#8243; css=&#8221;.vc_custom_1565047758462{padding-right: 17% !important;padding-left: 17% !important;background-position: center !important;background-repeat: no-repeat !important;background-size: cover !important;}&#8221;][vc_column_text]<\/p>\n<div class=\"text\">\n<div class=\"text\">\n<p>Nos preocupamos com o bem estar do planeta e de seus habitantes (todos eles) e procuramos sempre encontrar alternativas mais ecol\u00f3gicas de produ\u00e7\u00e3o, fundamentadas na \u00e9tica, no consumo consciente, e compat\u00edveis com a preserva\u00e7\u00e3o do meio ambiente. Por isso, todos os nossos produtos s\u00e3o pensados e desenvolvidos a partir dessa perspectiva, valorizando mat\u00e9rias primas locais, estabelecendo parcerias honestas, buscando empregar materiais reciclados e recicl\u00e1veis, sem jamais comprometer a qualidade dos resultados.<\/p>\n<p>N\u00f3s adoramos colocar \u201ca m\u00e3o na massa\u201d, estamos sempre a procura de melhores solu\u00e7\u00f5es e fazemos do nosso trabalho a maior inspira\u00e7\u00e3o para nossas vidas.<\/p>\n<\/div>\n<\/div>\n<p>[\/vc_column_text][\/vc_column][\/vc_row][vc_row content_placement=&#8221;middle&#8221; css=&#8221;.vc_custom_1579887294773{margin-top: -30px !important;background-position: center !important;background-repeat: no-repeat !important;background-size: cover !important;}&#8221;][vc_column][vc_single_image image=&#8221;3122&#8243; img_size=&#8221;full&#8221; alignment=&#8221;center&#8221; css=&#8221;.vc_custom_1579886816661{border-right-width: 20px !important;border-left-width: 20px !important;border-left-color: #ffffff !important;border-left-style: solid !important;border-right-color: #ffffff !important;border-right-style: solid !important;}&#8221;][\/vc_column][\/vc_row][vc_row equal_height=&#8221;yes&#8221; content_placement=&#8221;middle&#8221; css_animation=&#8221;fadeIn&#8221; height=&#8221;500px&#8221; type=&#8221;boxed&#8221; css=&#8221;.vc_custom_1579887258575{margin-right: 20px !important;margin-left: 20px !important;}&#8221;][vc_column width=&#8221;5\/12&#8243; css=&#8221;.vc_custom_1565049145363{padding-right: 17% !important;padding-left: 17% !important;}&#8221;][vc_column_text]<\/p>\n<div class=\"text\">\n<div class=\"text\">\n<div class=\"text\">\n<p><span class=\"bold\">Como nasceu a Dreaming Dogs<\/span><br \/>\nComo todas as boas ideias, essa tamb\u00e9m nasceu pequena, despretensiosa, comedida&#8230; Da necessidade de desenvolver ferramentas acess\u00edveis para ensinar caligrafia aos seus alunos, um professor universit\u00e1rio prop\u00f4s a confec\u00e7\u00e3o de penas artesanais com materiais alternativos e reciclados.<\/p>\n<p>O resultado dessa \u201cbrincadeira did\u00e1tica\u201d deu t\u00e3o certo, que o professor achou interessante partilhar essa experi\u00eancia com seus colegas cal\u00edgrafos, postando algumas imagens em suas redes sociais. A receptividade e o entusiasmo pelas ferramentas surpreenderam. Em poucos dias, o tutorial recebeu milhares de visualiza\u00e7\u00f5es e compartilhamentos, evidenciando o interesse e a necessidade de ferramentas diferenciadas, para a pr\u00e1tica da caligrafia expressiva.<\/p>\n<\/div>\n<\/div>\n<\/div>\n<p>[\/vc_column_text][\/vc_column][vc_column width=&#8221;7\/12&#8243; css=&#8221;.vc_custom_1579887245156{background-position: center !important;background-repeat: no-repeat !important;background-size: cover !important;}&#8221;][vc_single_image image=&#8221;4620&#8243; img_size=&#8221;full&#8221; alignment=&#8221;center&#8221;][\/vc_column][\/vc_row][vc_row equal_height=&#8221;yes&#8221; content_placement=&#8221;middle&#8221; css_animation=&#8221;fadeIn&#8221; height=&#8221;500px&#8221; type=&#8221;boxed&#8221; css=&#8221;.vc_custom_1579887325078{margin-right: 20px !important;margin-left: 20px !important;}&#8221;][vc_column width=&#8221;7\/12&#8243; css=&#8221;.vc_custom_1579887393046{background-position: center !important;background-repeat: no-repeat !important;background-size: cover !important;}&#8221;][vc_single_image image=&#8221;4622&#8243; img_size=&#8221;full&#8221; alignment=&#8221;center&#8221;][\/vc_column][vc_column width=&#8221;5\/12&#8243; css=&#8221;.vc_custom_1565047758462{padding-right: 17% !important;padding-left: 17% !important;background-position: center !important;background-repeat: no-repeat !important;background-size: cover !important;}&#8221;][vc_column_text]<\/p>\n<div class=\"text\">\n<div class=\"text\">\n<p>O Projeto Dreaming Dogs nasceu do sonho e da necessidade de criar produtos diferentes, inovadores, originais e que respeitem o meio ambiente, buscando oferecer aos profissionais cal\u00edgrafos, artistas e ilustradores, ferramentas expressivas de alt\u00edssima qualidade e desempenho.<\/p>\n<p>Partindo dos primeiros esbo\u00e7os, foram dois anos de muitos estudos e pesquisa, experimentando materiais diferentes, testando prot\u00f3tipos, desenvolvendo e aprimorando os novos formatos de ruling pens. Esse processo resultou no desenho exclusivo e original das pontas e possibilitou chegar a configura\u00e7\u00e3o ideal do produto, que foi apresentado ao p\u00fablico no DiaTipo SP de 2015.<\/p>\n<\/div>\n<\/div>\n<p>[\/vc_column_text][\/vc_column][\/vc_row][vc_row equal_height=&#8221;yes&#8221; content_placement=&#8221;middle&#8221; css_animation=&#8221;fadeIn&#8221; height=&#8221;500px&#8221; type=&#8221;boxed&#8221; css=&#8221;.vc_custom_1579887501617{margin-right: 20px !important;margin-left: 20px !important;}&#8221;][vc_column width=&#8221;5\/12&#8243; css=&#8221;.vc_custom_1565049145363{padding-right: 17% !important;padding-left: 17% !important;}&#8221;][vc_column_text]<\/p>\n<div class=\"text\">\n<div class=\"text\">\n<div class=\"text\">\n<div class=\"text\">\n<p>Em fevereiro de 2016, o Projeto Dreaming Dogs \u2013 ruling pens foi oficialmente lan\u00e7ado, na forma de financiamento coletivo, pela plataforma do site Catarse.<\/p>\n<p>Com uma grande repercuss\u00e3o nacional e um intenso envolvimento e participa\u00e7\u00e3o da comunidade caligr\u00e1fica brasileira, n\u00e3o demorou para o projeto alcan\u00e7ar seu objetivo. A meta inicial foi ultrapassada no quarto dia ap\u00f3s o lan\u00e7amento, e ao final de dois meses de campanha, com 402 apoios, entre brasileiros e estrangeiros, o projeto foi 347% financiado.<\/p>\n<\/div>\n<\/div>\n<\/div>\n<\/div>\n<p>[\/vc_column_text][\/vc_column][vc_column width=&#8221;7\/12&#8243; css=&#8221;.vc_custom_1579887472532{background-position: center !important;background-repeat: no-repeat !important;background-size: cover !important;}&#8221;][vc_single_image image=&#8221;3776&#8243; img_size=&#8221;full&#8221; alignment=&#8221;center&#8221;][\/vc_column][\/vc_row][vc_row content_placement=&#8221;middle&#8221; css=&#8221;.vc_custom_1579887294773{margin-top: -30px !important;background-position: center !important;background-repeat: no-repeat !important;background-size: cover !important;}&#8221;][vc_column][vc_single_image image=&#8221;4027&#8243; img_size=&#8221;full&#8221; alignment=&#8221;center&#8221; css=&#8221;.vc_custom_1579887547178{border-right-width: 20px !important;border-left-width: 20px !important;border-left-color: #ffffff !important;border-left-style: solid !important;border-right-color: #ffffff !important;border-right-style: solid !important;}&#8221;][\/vc_column][\/vc_row][vc_row equal_height=&#8221;yes&#8221; content_placement=&#8221;middle&#8221; css_animation=&#8221;fadeIn&#8221; height=&#8221;500px&#8221; type=&#8221;boxed&#8221; css=&#8221;.vc_custom_1579887894107{margin-right: 20px !important;margin-left: 20px !important;}&#8221;][vc_column width=&#8221;7\/12&#8243; css=&#8221;.vc_custom_1579887875158{background-position: center !important;background-repeat: no-repeat !important;background-size: cover !important;}&#8221;][vc_single_image image=&#8221;3190&#8243; img_size=&#8221;full&#8221; alignment=&#8221;center&#8221;][\/vc_column][vc_column width=&#8221;5\/12&#8243; css=&#8221;.vc_custom_1565047758462{padding-right: 17% !important;padding-left: 17% !important;background-position: center !important;background-repeat: no-repeat !important;background-size: cover !important;}&#8221;][vc_column_text]<\/p>\n<div class=\"text\">\n<div class=\"text\">\n<p>Foram meses intensos, de muita dedica\u00e7\u00e3o, trabalho e aprendizado. Recebemos muito carinho e palavras am\u00e1veis de incentivo e de gratid\u00e3o, de amigos e de desconhecidos, de perto e de muito longe, de pessoas que compartilham de nossos sonhos, que adoram caligrafia e que n\u00e3o vivem sem os seus animais.<\/p>\n<\/div>\n<\/div>\n<p>[\/vc_column_text][\/vc_column][\/vc_row][vc_row equal_height=&#8221;yes&#8221; content_placement=&#8221;middle&#8221; css_animation=&#8221;fadeIn&#8221; height=&#8221;500px&#8221; type=&#8221;boxed&#8221; css=&#8221;.vc_custom_1579890865922{margin-right: 20px !important;margin-bottom: 30px !important;margin-left: 20px !important;}&#8221;][vc_column width=&#8221;5\/12&#8243; css=&#8221;.vc_custom_1565049145363{padding-right: 17% !important;padding-left: 17% !important;}&#8221;][vc_column_text]<\/p>\n<div class=\"text\">\n<div class=\"text\">\n<div class=\"text\">\n<div class=\"text\">\n<div class=\"text\">\n<p>Essa experi\u00eancia nos levou a caminhos desconhecidos, proporcionou o encontro de pessoas e afinidades, trouxe amigos, muitas ideias, in\u00fameras possibilidades de neg\u00f3cios futuros e nos preparou para novos e maiores desafios, motivando a continuidade do projeto, agora com uma nova configura\u00e7\u00e3o, uma empresa orgulhosamente brasileira chamada Dreaming Dogs.<\/p>\n<\/div>\n<\/div>\n<\/div>\n<\/div>\n<\/div>\n<p>[\/vc_column_text][\/vc_column][vc_column width=&#8221;7\/12&#8243; css=&#8221;.vc_custom_1579887927723{background-position: center !important;background-repeat: no-repeat !important;background-size: cover !important;}&#8221;][vc_single_image image=&#8221;3186&#8243; img_size=&#8221;full&#8221; alignment=&#8221;center&#8221;][\/vc_column][\/vc_row][vc_row full_width=&#8221;stretch_row_content&#8221; full_height=&#8221;yes&#8221; columns_placement=&#8221;bottom&#8221; content_placement=&#8221;bottom&#8221; height=&#8221;700px&#8221; css=&#8221;.vc_custom_1579890789156{border-right-width: 20px !important;border-bottom-width: 20px !important;border-left-width: 20px !important;background-image: url(https:\/\/www.dreamingdogs.com.br\/shop\/wp-content\/uploads\/2020\/01\/DD-objetos15.jpg?id=4629) !important;background-position: center !important;background-repeat: no-repeat !important;background-size: cover !important;border-left-color: #ffffff !important;border-left-style: solid !important;border-right-color: #ffffff !important;border-right-style: solid !important;border-bottom-color: #ffffff !important;border-bottom-style: solid !important;}&#8221;][vc_column][vc_column_text]<\/p>\n<h3 style=\"text-align: center; color: #fff; font-size: 48px;\">Deedee<\/h3>\n<p>[\/vc_column_text]<p class=\"product woocommerce add_to_cart_inline \" style=\"border:4px solid #ccc; padding: 12px;\"><span class=\"woocommerce-Price-amount amount\"><bdi><span class=\"woocommerce-Price-currencySymbol\">&#82;&#36;<\/span>35,00<\/bdi><\/span><a href=\"https:\/\/www.dreamingdogs.com.br\/shop\/produto\/deedee\/\" aria-describedby=\"woocommerce_loop_add_to_cart_link_describedby_92\" data-quantity=\"1\" class=\"button product_type_simple\" data-product_id=\"92\" data-product_sku=\"DD032\" aria-label=\"Leia mais sobre &ldquo;Deedee&rdquo;\" rel=\"nofollow\" data-success_message=\"\">Leia mais<\/a>\t<span id=\"woocommerce_loop_add_to_cart_link_describedby_92\" class=\"screen-reader-text\">\n\t\t\t<\/span>\n<\/p>[\/vc_column][\/vc_row]<\/p>\n<\/div>","protected":false},"excerpt":{"rendered":"<p>[vc_row full_width=&#8221;stretch_row_content&#8221; full_height=&#8221;yes&#8221; content_placement=&#8221;middle&#8221; height=&#8221;700px&#8221; css=&#8221;.vc_custom_1574427165608{border-right-width: 20px !important;border-bottom-width: 20px !important;border-left-width: 20px !important;background-image: url(https:\/\/www.dreamingdogs.com.br\/shop\/wp-content\/uploads\/2019\/08\/DD-ruling-pens19.jpg?id=3083) !important;background-position: center !important;background-repeat: no-repeat !important;background-size: cover !important;border-left-color: #ffffff !important;border-left-style: solid !important;border-right-color: #ffffff !important;border-right-style: solid !important;border-bottom-color: #ffffff !important;border-bottom-style: solid !important;}&#8221;][vc_column][\/vc_column][\/vc_row][vc_row equal_height=&#8221;yes&#8221; content_placement=&#8221;middle&#8221; css_animation=&#8221;fadeIn&#8221; height=&#8221;500px&#8221; type=&#8221;boxed&#8221; css=&#8221;.vc_custom_1580301914042{margin-top: 20px !important;margin-right: 20px !important;margin-left: 20px !important;}&#8221;][vc_column width=&#8221;5\/12&#8243; css=&#8221;.vc_custom_1565049750829{padding-right: 15% !important;padding-left: 15% !important;}&#8221;][vc_column_text]Ol\u00e1! N\u00f3s somos a Dreaming Dogs, [&hellip;]<\/p>\n","protected":false},"author":1,"featured_media":0,"parent":0,"menu_order":0,"comment_status":"closed","ping_status":"closed","template":"page-full-width.php","meta":{"footnotes":""},"class_list":["post-3088","page","type-page","status-publish","hentry"],"_links":{"self":[{"href":"https:\/\/www.dreamingdogs.com.br\/shop\/wp-json\/wp\/v2\/pages\/3088","targetHints":{"allow":["GET"]}}],"collection":[{"href":"https:\/\/www.dreamingdogs.com.br\/shop\/wp-json\/wp\/v2\/pages"}],"about":[{"href":"https:\/\/www.dreamingdogs.com.br\/shop\/wp-json\/wp\/v2\/types\/page"}],"author":[{"embeddable":true,"href":"https:\/\/www.dreamingdogs.com.br\/shop\/wp-json\/wp\/v2\/users\/1"}],"replies":[{"embeddable":true,"href":"https:\/\/www.dreamingdogs.com.br\/shop\/wp-json\/wp\/v2\/comments?post=3088"}],"version-history":[{"count":31,"href":"https:\/\/www.dreamingdogs.com.br\/shop\/wp-json\/wp\/v2\/pages\/3088\/revisions"}],"predecessor-version":[{"id":4915,"href":"https:\/\/www.dreamingdogs.com.br\/shop\/wp-json\/wp\/v2\/pages\/3088\/revisions\/4915"}],"wp:attachment":[{"href":"https:\/\/www.dreamingdogs.com.br\/shop\/wp-json\/wp\/v2\/media?parent=3088"}],"curies":[{"name":"wp","href":"https:\/\/api.w.org\/{rel}","templated":true}]}}