{"id":3155,"date":"2019-08-08T16:26:40","date_gmt":"2019-08-08T19:26:40","guid":{"rendered":"https:\/\/www.dreamingdogs.com.br\/shop\/?page_id=3155"},"modified":"2020-01-29T09:42:35","modified_gmt":"2020-01-29T12:42:35","slug":"arte","status":"publish","type":"page","link":"https:\/\/www.dreamingdogs.com.br\/shop\/arte\/","title":{"rendered":"Arte"},"content":{"rendered":"<div class=\"wpb-content-wrapper\"><p>[vc_row full_width=&#8221;stretch_row_content&#8221; full_height=&#8221;yes&#8221; content_placement=&#8221;middle&#8221; height=&#8221;700px&#8221; css=&#8221;.vc_custom_1574426060396{border-right-width: 20px !important;border-bottom-width: 20px !important;border-left-width: 20px !important;background-image: url(https:\/\/www.dreamingdogs.com.br\/shop\/wp-content\/uploads\/2019\/08\/DD-Arte6.jpg?id=3162) !important;background-position: center !important;background-repeat: no-repeat !important;background-size: cover !important;border-left-color: #ffffff !important;border-left-style: solid !important;border-right-color: #ffffff !important;border-right-style: solid !important;border-bottom-color: #ffffff !important;border-bottom-style: solid !important;}&#8221;][vc_column][vc_column_text]<\/p>\n<h1 style=\"text-align: center; color: #fff; font-size: 62px;\">Arte<\/h1>\n<p>[\/vc_column_text][\/vc_column][\/vc_row][vc_row equal_height=&#8221;yes&#8221; content_placement=&#8221;middle&#8221; css_animation=&#8221;fadeIn&#8221; height=&#8221;500px&#8221; type=&#8221;boxed&#8221; css=&#8221;.vc_custom_1580301706034{margin-top: 20px !important;margin-right: 20px !important;margin-left: 20px !important;}&#8221;][vc_column width=&#8221;5\/12&#8243; css=&#8221;.vc_custom_1565049750829{padding-right: 15% !important;padding-left: 15% !important;}&#8221;][vc_column_text]A\u00a0<span class=\"bold\">arte<\/span>\u00a0existe para que possamos olhar para dentro, entender a nossa individualidade, compreender a fragilidade da vida e aceitar a complexidade do mundo a nossa volta. Ela nos leva ao encontro de n\u00f3s mesmos, numa jornada de autoconhecimento, e para um estado de equil\u00edbrio e harmonia com a coletividade.<\/p>\n<p>Seja para transformar a vida, comunicar, questionar, provocar reflex\u00e3o, ou simplesmente proporcionar uma experi\u00eancia est\u00e9tica, a arte \u00e9 necess\u00e1ria para despertar a nossa ess\u00eancia humana, nossa natureza sens\u00edvel e racional.[\/vc_column_text][\/vc_column][vc_column width=&#8221;7\/12&#8243; css=&#8221;.vc_custom_1579799839070{background-position: center !important;background-repeat: no-repeat !important;background-size: cover !important;}&#8221;][vc_single_image image=&#8221;3157&#8243; img_size=&#8221;full&#8221; alignment=&#8221;center&#8221;][\/vc_column][\/vc_row][vc_row equal_height=&#8221;yes&#8221; content_placement=&#8221;middle&#8221; css_animation=&#8221;fadeIn&#8221; height=&#8221;500px&#8221; type=&#8221;boxed&#8221; css=&#8221;.vc_custom_1580301737181{margin-right: 20px !important;margin-left: 20px !important;}&#8221;][vc_column width=&#8221;7\/12&#8243; css=&#8221;.vc_custom_1579799888953{background-position: center !important;background-repeat: no-repeat !important;background-size: cover !important;}&#8221;][vc_single_image image=&#8221;3164&#8243; img_size=&#8221;full&#8221; alignment=&#8221;center&#8221;][\/vc_column][vc_column width=&#8221;5\/12&#8243; css=&#8221;.vc_custom_1565047758462{padding-right: 17% !important;padding-left: 17% !important;background-position: center !important;background-repeat: no-repeat !important;background-size: cover !important;}&#8221;][vc_column_text]<span style=\"font-weight: bold;\">Gravuras<\/span><br \/>\nGravuras impressas em Serigrafia, tamanho 44,5 x 62,6 cm, em papel Debret Acervo, gramatura 200. Edi\u00e7\u00e3o de c\u00f3pias em tiragem limitada, exclusivas e assinadas.[\/vc_column_text][\/vc_column][\/vc_row][vc_row equal_height=&#8221;yes&#8221; content_placement=&#8221;middle&#8221; css_animation=&#8221;fadeIn&#8221; height=&#8221;500px&#8221; type=&#8221;boxed&#8221; css=&#8221;.vc_custom_1579799968616{margin-right: 20px !important;margin-left: 20px !important;}&#8221;][vc_column width=&#8221;5\/12&#8243; css=&#8221;.vc_custom_1565049145363{padding-right: 17% !important;padding-left: 17% !important;}&#8221;][vc_column_text]A gravura\u00a0<span style=\"font-weight: bold;\">Peerless<\/span>\u00a0referencia o universo das letras, representado pela impressora tipogr\u00e1fica, os clich\u00eas e as capitulares ornamentais, fazendo uma alus\u00e3o a nostalgia desse contexto.<\/p>\n<p>Gravura impressa em serigrafia, 5 cores, em tamanho 44,5 x 62,5 cm, em papel Debret Acervo, gramatura 200. Edi\u00e7\u00e3o em tiragem limitada, 38 c\u00f3pias, exclusivas e assinadas.[\/vc_column_text][\/vc_column][vc_column width=&#8221;7\/12&#8243; css=&#8221;.vc_custom_1579799959236{background-position: center !important;background-repeat: no-repeat !important;background-size: cover !important;}&#8221;][vc_single_image image=&#8221;3166&#8243; img_size=&#8221;full&#8221; alignment=&#8221;center&#8221;][\/vc_column][\/vc_row][vc_row content_placement=&#8221;middle&#8221; css_animation=&#8221;fadeIn&#8221; height=&#8221;500px&#8221; type=&#8221;boxed&#8221; css=&#8221;.vc_custom_1579800042954{margin-right: 20px !important;margin-bottom: 50px !important;margin-left: 20px !important;}&#8221;][vc_column width=&#8221;7\/12&#8243; css=&#8221;.vc_custom_1579800028649{background-position: center !important;background-repeat: no-repeat !important;background-size: cover !important;}&#8221;][vc_single_image image=&#8221;3168&#8243; img_size=&#8221;full&#8221; alignment=&#8221;center&#8221;][\/vc_column][vc_column width=&#8221;5\/12&#8243; css=&#8221;.vc_custom_1565047758462{padding-right: 17% !important;padding-left: 17% !important;background-position: center !important;background-repeat: no-repeat !important;background-size: cover !important;}&#8221;][vc_column_text]Numa est\u00e9tica vintage,\u00a0<span style=\"font-weight: bold;\">King Aldus<\/span>\u00a0\u00e9 um tributo ao melhor companheiro e amigo de todos os tempos. Uma homenagem a todos os c\u00e3es com quem compartilhamos nossas vidas.<\/p>\n<p>Gravura impressa em serigrafia, 6 cores, em tamanho 44,5 x 62,5 cm, em papel Debret Acervo, gramatura 200. Edi\u00e7\u00e3o em tiragem limitada, 42 c\u00f3pias, exclusivas e assinadas.[\/vc_column_text][\/vc_column][\/vc_row][vc_row content_placement=&#8221;bottom&#8221; css=&#8221;.vc_custom_1574455976568{border-right-width: 35px !important;border-bottom-width: 20px !important;border-left-width: 35px !important;border-left-color: #ffffff !important;border-left-style: solid !important;border-right-color: #ffffff !important;border-right-style: solid !important;border-bottom-color: #ffffff !important;border-bottom-style: solid !important;}&#8221;][vc_column width=&#8221;1\/2&#8243; css=&#8221;.vc_custom_1565293853201{border-right-width: 10px !important;background-image: url(https:\/\/www.dreamingdogs.com.br\/shop\/wp-content\/uploads\/2019\/08\/DD-Arte3.jpg?id=3160) !important;background-position: center !important;background-repeat: no-repeat !important;background-size: cover !important;border-right-color: #ffffff !important;border-right-style: solid !important;}&#8221;][vc_column_text css=&#8221;.vc_custom_1574456164649{padding-top: 200px !important;}&#8221;]<\/p>\n<h3 style=\"text-align: center; color: #fff; font-size: 42px;\">Peerless<\/h3>\n<p>[\/vc_column_text]<p class=\"product woocommerce add_to_cart_inline \" style=\"border:4px solid #ccc; padding: 12px;\"><span class=\"woocommerce-Price-amount amount\"><bdi><span class=\"woocommerce-Price-currencySymbol\">&#82;&#36;<\/span>195,00<\/bdi><\/span><a href=\"https:\/\/www.dreamingdogs.com.br\/shop\/produto\/gravura-peerless\/\" aria-describedby=\"woocommerce_loop_add_to_cart_link_describedby_343\" data-quantity=\"1\" class=\"button product_type_simple\" data-product_id=\"343\" data-product_sku=\"DD036\" aria-label=\"Leia mais sobre &ldquo;Gravura Peerless&rdquo;\" rel=\"nofollow\" data-success_message=\"\">Leia mais<\/a>\t<span id=\"woocommerce_loop_add_to_cart_link_describedby_343\" class=\"screen-reader-text\">\n\t\t\t<\/span>\n<\/p>[\/vc_column][vc_column width=&#8221;1\/2&#8243; css=&#8221;.vc_custom_1565293867338{border-left-width: 10px !important;background-image: url(https:\/\/www.dreamingdogs.com.br\/shop\/wp-content\/uploads\/2019\/08\/DD-Arte8.jpg?id=3171) !important;background-position: center !important;background-repeat: no-repeat !important;background-size: cover !important;border-left-color: #ffffff !important;border-left-style: solid !important;}&#8221;][vc_column_text css=&#8221;.vc_custom_1574456179802{padding-top: 200px !important;}&#8221;]<\/p>\n<h3 style=\"text-align: center; color: #fff; font-size: 42px;\">King Aldus<\/h3>\n<p>[\/vc_column_text]<p class=\"product woocommerce add_to_cart_inline \" style=\"border:4px solid #ccc; padding: 12px;\"><span class=\"woocommerce-Price-amount amount\"><bdi><span class=\"woocommerce-Price-currencySymbol\">&#82;&#36;<\/span>205,00<\/bdi><\/span><a href=\"https:\/\/www.dreamingdogs.com.br\/shop\/produto\/gravura-king-aldus\/\" aria-describedby=\"woocommerce_loop_add_to_cart_link_describedby_344\" data-quantity=\"1\" class=\"button product_type_simple\" data-product_id=\"344\" data-product_sku=\"DD035\" aria-label=\"Leia mais sobre &ldquo;Gravura King Aldus&rdquo;\" rel=\"nofollow\" data-success_message=\"\">Leia mais<\/a>\t<span id=\"woocommerce_loop_add_to_cart_link_describedby_344\" class=\"screen-reader-text\">\n\t\t\t<\/span>\n<\/p>[\/vc_column][\/vc_row]<\/p>\n<\/div>","protected":false},"excerpt":{"rendered":"<p>[vc_row full_width=&#8221;stretch_row_content&#8221; full_height=&#8221;yes&#8221; content_placement=&#8221;middle&#8221; height=&#8221;700px&#8221; css=&#8221;.vc_custom_1574426060396{border-right-width: 20px !important;border-bottom-width: 20px !important;border-left-width: 20px !important;background-image: url(https:\/\/www.dreamingdogs.com.br\/shop\/wp-content\/uploads\/2019\/08\/DD-Arte6.jpg?id=3162) !important;background-position: center !important;background-repeat: no-repeat !important;background-size: cover !important;border-left-color: #ffffff !important;border-left-style: solid !important;border-right-color: #ffffff !important;border-right-style: solid !important;border-bottom-color: #ffffff !important;border-bottom-style: solid !important;}&#8221;][vc_column][vc_column_text] Arte [\/vc_column_text][\/vc_column][\/vc_row][vc_row equal_height=&#8221;yes&#8221; content_placement=&#8221;middle&#8221; css_animation=&#8221;fadeIn&#8221; height=&#8221;500px&#8221; type=&#8221;boxed&#8221; css=&#8221;.vc_custom_1580301706034{margin-top: 20px !important;margin-right: 20px !important;margin-left: 20px !important;}&#8221;][vc_column width=&#8221;5\/12&#8243; css=&#8221;.vc_custom_1565049750829{padding-right: 15% !important;padding-left: 15% !important;}&#8221;][vc_column_text]A\u00a0arte\u00a0existe para que possamos [&hellip;]<\/p>\n","protected":false},"author":1,"featured_media":0,"parent":0,"menu_order":0,"comment_status":"closed","ping_status":"closed","template":"page-full-width.php","meta":{"footnotes":""},"class_list":["post-3155","page","type-page","status-publish","hentry"],"_links":{"self":[{"href":"https:\/\/www.dreamingdogs.com.br\/shop\/wp-json\/wp\/v2\/pages\/3155","targetHints":{"allow":["GET"]}}],"collection":[{"href":"https:\/\/www.dreamingdogs.com.br\/shop\/wp-json\/wp\/v2\/pages"}],"about":[{"href":"https:\/\/www.dreamingdogs.com.br\/shop\/wp-json\/wp\/v2\/types\/page"}],"author":[{"embeddable":true,"href":"https:\/\/www.dreamingdogs.com.br\/shop\/wp-json\/wp\/v2\/users\/1"}],"replies":[{"embeddable":true,"href":"https:\/\/www.dreamingdogs.com.br\/shop\/wp-json\/wp\/v2\/comments?post=3155"}],"version-history":[{"count":16,"href":"https:\/\/www.dreamingdogs.com.br\/shop\/wp-json\/wp\/v2\/pages\/3155\/revisions"}],"predecessor-version":[{"id":4656,"href":"https:\/\/www.dreamingdogs.com.br\/shop\/wp-json\/wp\/v2\/pages\/3155\/revisions\/4656"}],"wp:attachment":[{"href":"https:\/\/www.dreamingdogs.com.br\/shop\/wp-json\/wp\/v2\/media?parent=3155"}],"curies":[{"name":"wp","href":"https:\/\/api.w.org\/{rel}","templated":true}]}}