{"id":3347,"date":"2019-08-13T16:43:33","date_gmt":"2019-08-13T19:43:33","guid":{"rendered":"https:\/\/www.dreamingdogs.com.br\/shop\/ruling-pens\/"},"modified":"2020-01-28T15:22:44","modified_gmt":"2020-01-28T18:22:44","slug":"ruling-pens","status":"publish","type":"page","link":"https:\/\/www.dreamingdogs.com.br\/shop\/ruling-pens\/?lang=en","title":{"rendered":"Ruling pens"},"content":{"rendered":"<div class=\"wpb-content-wrapper\"><p>[vc_row full_width=&#8221;stretch_row_content&#8221; full_height=&#8221;yes&#8221; content_placement=&#8221;middle&#8221; height=&#8221;700px&#8221; css=&#8221;.vc_custom_1574427137559{border-right-width: 20px !important;border-bottom-width: 20px !important;border-left-width: 20px !important;background-image: url(https:\/\/www.dreamingdogs.com.br\/shop\/wp-content\/uploads\/2019\/10\/DD-composicao-02.jpg?id=3697) !important;background-position: center !important;background-repeat: no-repeat !important;background-size: cover !important;border-left-color: #ffffff !important;border-left-style: solid !important;border-right-color: #ffffff !important;border-right-style: solid !important;border-bottom-color: #ffffff !important;border-bottom-style: solid !important;}&#8221;][vc_column][vc_column_text]<\/p>\n<h1 style=\"text-align: center; color: #fff; font-size: 62px;\">Ruling Pens<\/h1>\n<p>[\/vc_column_text][\/vc_column][\/vc_row][vc_row content_placement=&#8221;middle&#8221; type=&#8221;boxed&#8221; css=&#8221;.vc_custom_1580234476828{margin-right: 23% !important;margin-left: 23% !important;}&#8221;][vc_column width=&#8221;1\/6&#8243; offset=&#8221;vc_col-xs-6&#8243;][vc_btn title=&#8221;&#8221; style=&#8221;outline-custom&#8221; outline_custom_color=&#8221;rgba(102,102,102,0.01)&#8221; outline_custom_hover_background=&#8221;rgba(102,102,102,0.01)&#8221; outline_custom_hover_text=&#8221;rgba(255,255,255,0.01)&#8221; shape=&#8221;square&#8221; size=&#8221;lg&#8221; align=&#8221;center&#8221; css=&#8221;.vc_custom_1566926422306{background-image: url(https:\/\/www.dreamingdogs.com.br\/shop\/wp-content\/uploads\/2019\/08\/01-sofie-2.png?id=3605) !important;background-position: center !important;background-repeat: no-repeat !important;background-size: contain !important;}&#8221; link=&#8221;url:https%3A%2F%2Fwww.dreamingdogs.com.br%2Fshop%2Fsofie%2F%3Flang%3Den|title:Sofie|&#8221;][vc_column_text css=&#8221;.vc_custom_1571507195179{margin-top: -18px !important;}&#8221;]<\/p>\n<p style=\"text-align: center; color: #005f96; font-size: 0.65em; letter-spacing: 0.1em;\">SOFIE<\/p>\n<p>[\/vc_column_text][\/vc_column][vc_column width=&#8221;1\/6&#8243; offset=&#8221;vc_col-xs-6&#8243;][vc_btn title=&#8221;&#8221; style=&#8221;outline-custom&#8221; outline_custom_color=&#8221;rgba(102,102,102,0.01)&#8221; outline_custom_hover_background=&#8221;rgba(102,102,102,0.01)&#8221; outline_custom_hover_text=&#8221;rgba(255,255,255,0.01)&#8221; shape=&#8221;square&#8221; size=&#8221;lg&#8221; align=&#8221;center&#8221; css=&#8221;.vc_custom_1566926439668{background-image: url(https:\/\/www.dreamingdogs.com.br\/shop\/wp-content\/uploads\/2019\/08\/02-aldus-2.png?id=3607) !important;background-position: center !important;background-repeat: no-repeat !important;background-size: contain !important;}&#8221; link=&#8221;url:https%3A%2F%2Fwww.dreamingdogs.com.br%2Fshop%2Faldus%2F%3Flang%3Den|title:Aldus|&#8221;][vc_column_text css=&#8221;.vc_custom_1571507220123{margin-top: -18px !important;}&#8221;]<\/p>\n<p style=\"text-align: center; color: #005f96; font-size: 0.65em; letter-spacing: 0.1em;\">ALDUS<\/p>\n<p>[\/vc_column_text][\/vc_column][vc_column width=&#8221;1\/6&#8243; offset=&#8221;vc_col-xs-6&#8243;][vc_btn title=&#8221;&#8221; style=&#8221;outline-custom&#8221; outline_custom_color=&#8221;rgba(102,102,102,0.01)&#8221; outline_custom_hover_background=&#8221;rgba(102,102,102,0.01)&#8221; outline_custom_hover_text=&#8221;rgba(255,255,255,0.01)&#8221; shape=&#8221;square&#8221; size=&#8221;lg&#8221; align=&#8221;center&#8221; css=&#8221;.vc_custom_1566926456229{background-image: url(https:\/\/www.dreamingdogs.com.br\/shop\/wp-content\/uploads\/2019\/08\/03-littlelie-2.png?id=3609) !important;background-position: center !important;background-repeat: no-repeat !important;background-size: contain !important;}&#8221; link=&#8221;url:https%3A%2F%2Fwww.dreamingdogs.com.br%2Fshop%2Flittle-lie%2F%3Flang%3Den|title:Little%20lie|&#8221;][vc_column_text css=&#8221;.vc_custom_1571507243832{margin-top: -18px !important;}&#8221;]<\/p>\n<p style=\"text-align: center; color: #005f96; font-size: 0.65em; letter-spacing: 0.1em;\">LITTLE LIE<\/p>\n<p>[\/vc_column_text][\/vc_column][vc_column width=&#8221;1\/6&#8243; offset=&#8221;vc_col-xs-6&#8243;][vc_btn title=&#8221;&#8221; style=&#8221;outline-custom&#8221; outline_custom_color=&#8221;rgba(102,102,102,0.01)&#8221; outline_custom_hover_background=&#8221;rgba(102,102,102,0.01)&#8221; outline_custom_hover_text=&#8221;rgba(255,255,255,0.01)&#8221; shape=&#8221;square&#8221; size=&#8221;lg&#8221; align=&#8221;center&#8221; css=&#8221;.vc_custom_1566926472150{background-image: url(https:\/\/www.dreamingdogs.com.br\/shop\/wp-content\/uploads\/2019\/08\/04-layla-2.png?id=3611) !important;background-position: center !important;background-repeat: no-repeat !important;background-size: contain !important;}&#8221; link=&#8221;url:https%3A%2F%2Fwww.dreamingdogs.com.br%2Fshop%2Flayla%2F%3Flang%3Den|title:Layla|&#8221;][vc_column_text css=&#8221;.vc_custom_1571507257912{margin-top: -18px !important;}&#8221;]<\/p>\n<p style=\"text-align: center; color: #005f96; font-size: 0.65em; letter-spacing: 0.1em;\">LAYLA<\/p>\n<p>[\/vc_column_text][\/vc_column][vc_column width=&#8221;1\/6&#8243; offset=&#8221;vc_col-xs-6&#8243;][vc_btn title=&#8221;&#8221; style=&#8221;outline-custom&#8221; outline_custom_color=&#8221;rgba(102,102,102,0.01)&#8221; outline_custom_hover_background=&#8221;rgba(102,102,102,0.01)&#8221; outline_custom_hover_text=&#8221;rgba(255,255,255,0.01)&#8221; shape=&#8221;square&#8221; size=&#8221;lg&#8221; align=&#8221;center&#8221; css=&#8221;.vc_custom_1566926488518{background-image: url(https:\/\/www.dreamingdogs.com.br\/shop\/wp-content\/uploads\/2019\/08\/05-leeloo-2.png?id=3613) !important;background-position: center !important;background-repeat: no-repeat !important;background-size: contain !important;}&#8221; link=&#8221;url:https%3A%2F%2Fwww.dreamingdogs.com.br%2Fshop%2Fleeloo%2F%3Flang%3Den|title:Leeloo|&#8221;][vc_column_text css=&#8221;.vc_custom_1571507271191{margin-top: -18px !important;}&#8221;]<\/p>\n<p style=\"text-align: center; color: #005f96; font-size: 0.65em; letter-spacing: 0.1em;\">LEELOO<\/p>\n<p>[\/vc_column_text][\/vc_column][vc_column width=&#8221;1\/6&#8243; offset=&#8221;vc_col-xs-6&#8243;][vc_btn title=&#8221;&#8221; style=&#8221;outline-custom&#8221; outline_custom_color=&#8221;rgba(102,102,102,0.01)&#8221; outline_custom_hover_background=&#8221;rgba(102,102,102,0.01)&#8221; outline_custom_hover_text=&#8221;rgba(255,255,255,0.01)&#8221; shape=&#8221;square&#8221; size=&#8221;lg&#8221; align=&#8221;center&#8221; css=&#8221;.vc_custom_1566926508984{background-image: url(https:\/\/www.dreamingdogs.com.br\/shop\/wp-content\/uploads\/2019\/08\/06-lollipop-2.png?id=3615) !important;background-position: center !important;background-repeat: no-repeat !important;background-size: contain !important;}&#8221; link=&#8221;url:https%3A%2F%2Fwww.dreamingdogs.com.br%2Fshop%2Flollipop%2F%3Flang%3Den|title:Lollipop|&#8221;][vc_column_text css=&#8221;.vc_custom_1571507283663{margin-top: -18px !important;}&#8221;]<\/p>\n<p style=\"text-align: center; color: #005f96; font-size: 0.65em; letter-spacing: 0.1em;\">LOLLIPOP<\/p>\n<p>[\/vc_column_text][\/vc_column][\/vc_row][vc_row equal_height=&#8221;yes&#8221; content_placement=&#8221;middle&#8221; css_animation=&#8221;fadeIn&#8221; height=&#8221;500px&#8221; type=&#8221;boxed&#8221; css=&#8221;.vc_custom_1580234670771{margin-right: 20px !important;margin-left: 20px !important;}&#8221;][vc_column width=&#8221;5\/12&#8243; css=&#8221;.vc_custom_1565049750829{padding-right: 15% !important;padding-left: 15% !important;}&#8221;][vc_column_text]The Dreaming Dogs ruling pens are designed aiming to gather and optimize the traditional components of the tools found in the market, with the addition of new features. Their great advantage lies in a few particular and innovative features, in terms of materials and especially in the versatility of the expressive possibilities the pens offer.<\/p>\n<p>Their distinctive design was meant to impart sturdiness, balance, and lightness, resulting in a comfortable grip and allowing fluid and gestural strokes.[\/vc_column_text][\/vc_column][vc_column width=&#8221;7\/12&#8243; css=&#8221;.vc_custom_1580234684343{background-position: center !important;background-repeat: no-repeat !important;background-size: cover !important;}&#8221;][vc_single_image image=&#8221;3707&#8243; img_size=&#8221;full&#8221; alignment=&#8221;center&#8221;][\/vc_column][\/vc_row][vc_row equal_height=&#8221;yes&#8221; content_placement=&#8221;middle&#8221; css_animation=&#8221;fadeIn&#8221; height=&#8221;500px&#8221; type=&#8221;boxed&#8221; css=&#8221;.vc_custom_1580234740284{margin-right: 20px !important;margin-left: 20px !important;}&#8221;][vc_column width=&#8221;7\/12&#8243; css=&#8221;.vc_custom_1580234728608{background-position: center !important;background-repeat: no-repeat !important;background-size: cover !important;}&#8221;][vc_single_image image=&#8221;3705&#8243; img_size=&#8221;full&#8221; alignment=&#8221;center&#8221;][\/vc_column][vc_column width=&#8221;5\/12&#8243; css=&#8221;.vc_custom_1565047758462{padding-right: 17% !important;padding-left: 17% !important;background-position: center !important;background-repeat: no-repeat !important;background-size: cover !important;}&#8221;][vc_column_text]Their distinctive design was meant to impart sturdiness, balance, and lightness, resulting in a comfortable grip and allowing fluid and gestural strokes.<\/p>\n<p>The longitudinal folds reinforce the structure and create a larger internal area to store more ink, reducing the need to refill the pen so often. The nib opening adjustment is made by a screw and a knurled nut, allowing control of the flow of ink on the paper, and making it possible to use different kinds of inks, more viscous or more liquid, achieving several results with the same tool.[\/vc_column_text][\/vc_column][\/vc_row][vc_row equal_height=&#8221;yes&#8221; content_placement=&#8221;middle&#8221; css_animation=&#8221;fadeIn&#8221; height=&#8221;500px&#8221; type=&#8221;boxed&#8221; css=&#8221;.vc_custom_1580234924696{margin-right: 20px !important;margin-bottom: 30px !important;margin-left: 20px !important;}&#8221;][vc_column width=&#8221;5\/12&#8243; css=&#8221;.vc_custom_1565049145363{padding-right: 17% !important;padding-left: 17% !important;}&#8221;][vc_column_text]The ruling pens\u2019 tips are crafted in stainless steel with elastic properties, a material that has excellent strength and durability. The opening adjustment, composed by a screw and a knurled nut, has an exclusive design and it was produced specially for the Dreaming Dogs ruling pens.[\/vc_column_text][\/vc_column][vc_column width=&#8221;7\/12&#8243; css=&#8221;.vc_custom_1580234827299{background-position: center !important;background-repeat: no-repeat !important;background-size: cover !important;}&#8221;][vc_single_image image=&#8221;4540&#8243; img_size=&#8221;full&#8221; alignment=&#8221;center&#8221;][\/vc_column][\/vc_row][vc_row content_placement=&#8221;middle&#8221; css=&#8221;.vc_custom_1580235086108{margin-top: -30px !important;background-position: center !important;background-repeat: no-repeat !important;background-size: cover !important;}&#8221;][vc_column][vc_single_image image=&#8221;3144&#8243; img_size=&#8221;full&#8221; alignment=&#8221;center&#8221; css=&#8221;.vc_custom_1580235006871{border-right-width: 20px !important;border-left-width: 20px !important;border-left-color: #ffffff !important;border-left-style: solid !important;border-right-color: #ffffff !important;border-right-style: solid !important;}&#8221;][\/vc_column][\/vc_row][vc_row equal_height=&#8221;yes&#8221; content_placement=&#8221;middle&#8221; css_animation=&#8221;fadeIn&#8221; height=&#8221;500px&#8221; type=&#8221;boxed&#8221; css=&#8221;.vc_custom_1580235027184{margin-right: 20px !important;margin-left: 20px !important;}&#8221;][vc_column width=&#8221;7\/12&#8243; css=&#8221;.vc_custom_1580235069381{background-position: center !important;background-repeat: no-repeat !important;background-size: cover !important;}&#8221;][vc_single_image image=&#8221;3711&#8243; img_size=&#8221;full&#8221; alignment=&#8221;center&#8221;][\/vc_column][vc_column width=&#8221;5\/12&#8243; css=&#8221;.vc_custom_1565047758462{padding-right: 17% !important;padding-left: 17% !important;background-position: center !important;background-repeat: no-repeat !important;background-size: cover !important;}&#8221;][vc_column_text]The wooden pen handles are handmade and completely artisanal. The wood used in the manufacture of the pen handles comes from the surplus of the furniture industry, aiming to make less damage to the environment. However, only high-quality woods were selected, providing lightness and great durability.[\/vc_column_text][\/vc_column][\/vc_row][vc_row equal_height=&#8221;yes&#8221; content_placement=&#8221;middle&#8221; css_animation=&#8221;fadeIn&#8221; height=&#8221;500px&#8221; type=&#8221;boxed&#8221; css=&#8221;.vc_custom_1580235182298{margin-right: 20px !important;margin-left: 20px !important;}&#8221;][vc_column width=&#8221;5\/12&#8243; css=&#8221;.vc_custom_1565049145363{padding-right: 17% !important;padding-left: 17% !important;}&#8221;][vc_column_text]Since different kinds of wood are used (based on the disponibility of raw material) the pen handles may present some variations in color and texture, which makes each piece unique. This way, the sets contain woods of similar colors and are divided into three categories: light, medium, and dark. For the finishing, varnish layers waterproof it and make the pens more durable and easier to clean.[\/vc_column_text][\/vc_column][vc_column width=&#8221;7\/12&#8243; css=&#8221;.vc_custom_1580235194805{background-position: center !important;background-repeat: no-repeat !important;background-size: cover !important;}&#8221;][vc_single_image image=&#8221;3713&#8243; img_size=&#8221;full&#8221; alignment=&#8221;center&#8221;][\/vc_column][\/vc_row][vc_row equal_height=&#8221;yes&#8221; content_placement=&#8221;middle&#8221; css_animation=&#8221;fadeIn&#8221; height=&#8221;500px&#8221; type=&#8221;boxed&#8221; css=&#8221;.vc_custom_1580235495331{margin-right: 20px !important;margin-bottom: 30px !important;margin-left: 20px !important;}&#8221;][vc_column width=&#8221;7\/12&#8243; css=&#8221;.vc_custom_1580235302729{background-position: center !important;background-repeat: no-repeat !important;background-size: cover !important;}&#8221;][vc_single_image image=&#8221;3068&#8243; img_size=&#8221;full&#8221; alignment=&#8221;center&#8221;][\/vc_column][vc_column width=&#8221;5\/12&#8243; css=&#8221;.vc_custom_1565047758462{padding-right: 17% !important;padding-left: 17% !important;background-position: center !important;background-repeat: no-repeat !important;background-size: cover !important;}&#8221;][vc_column_text]The ruling pens follow an artisanal process. Only the stainless steel tips are manufactured industrially to achieve maximum quality and effective control of their shape. The ruling pens are manually assembled, sanded, refined, polished, cleaned, and inspected individually. Thus, attention to detail, meticulous assembly, polishing, and individual testing provides superior results and a tool with excellent quality.[\/vc_column_text][\/vc_column][\/vc_row][vc_row content_placement=&#8221;middle&#8221; css=&#8221;.vc_custom_1580235451388{margin-top: -30px !important;border-right-width: 20px !important;border-left-width: 20px !important;background-position: center !important;background-repeat: no-repeat !important;background-size: cover !important;border-left-color: #ffffff !important;border-left-style: solid !important;border-right-color: #ffffff !important;border-right-style: solid !important;}&#8221;][vc_column][vc_single_image image=&#8221;3715&#8243; img_size=&#8221;full&#8221; alignment=&#8221;right&#8221;][\/vc_column][\/vc_row][vc_row equal_height=&#8221;yes&#8221; content_placement=&#8221;middle&#8221; css_animation=&#8221;fadeIn&#8221; height=&#8221;500px&#8221; type=&#8221;boxed&#8221; css=&#8221;.vc_custom_1580235640838{margin-right: 20px !important;margin-bottom: 30px !important;margin-left: 20px !important;}&#8221;][vc_column width=&#8221;5\/12&#8243; css=&#8221;.vc_custom_1565049145363{padding-right: 17% !important;padding-left: 17% !important;}&#8221;][vc_column_text]The Dreaming Dogs ruling pens are available in six distinct models: Sofie, Aldus, Little Lie, Layla, Leeloo, and Lollipop. Each one has its own particularity, developed based on various features and uses, such as different styles of calligraphy and handling angles. They are sold individually and on a set containing the six models.[\/vc_column_text][\/vc_column][vc_column width=&#8221;7\/12&#8243; css=&#8221;.vc_custom_1580235616441{background-position: center !important;background-repeat: no-repeat !important;background-size: cover !important;}&#8221;][vc_single_image image=&#8221;3146&#8243; img_size=&#8221;full&#8221; alignment=&#8221;center&#8221;][\/vc_column][\/vc_row][vc_row full_width=&#8221;stretch_row_content&#8221; full_height=&#8221;yes&#8221; columns_placement=&#8221;bottom&#8221; content_placement=&#8221;bottom&#8221; height=&#8221;700px&#8221; css=&#8221;.vc_custom_1574427484575{border-right-width: 20px !important;border-bottom-width: 20px !important;border-left-width: 20px !important;background-image: url(https:\/\/www.dreamingdogs.com.br\/shop\/wp-content\/uploads\/2019\/09\/DD-composicao.jpg?id=3649) !important;background-position: center !important;background-repeat: no-repeat !important;background-size: cover !important;border-left-color: #ffffff !important;border-left-style: solid !important;border-right-color: #ffffff !important;border-right-style: solid !important;border-bottom-color: #ffffff !important;border-bottom-style: solid !important;}&#8221;][vc_column][vc_column_text]<\/p>\n<h1 style=\"text-align: center; color: #fff;\">Ruling pen<\/h1>\n<p>[\/vc_column_text]<p class=\"product woocommerce add_to_cart_inline \" style=\"border:4px solid #ccc; padding: 12px;\"><span class=\"woocommerce-Price-amount amount\"><bdi><span class=\"woocommerce-Price-currencySymbol\">&#82;&#36;<\/span>155,00<\/bdi><\/span><a href=\"https:\/\/www.dreamingdogs.com.br\/shop\/produto\/leeloo\/\" aria-describedby=\"woocommerce_loop_add_to_cart_link_describedby_120\" data-quantity=\"1\" class=\"button product_type_variable\" data-product_id=\"120\" data-product_sku=\"DD005\" aria-label=\"Selecione as op\u00e7\u00f5es para &ldquo;Leeloo&rdquo;\" rel=\"nofollow\">Ver op\u00e7\u00f5es<\/a>\t<span id=\"woocommerce_loop_add_to_cart_link_describedby_120\" class=\"screen-reader-text\">\n\t\tEste produto tem v\u00e1rias variantes. As op\u00e7\u00f5es podem ser escolhidas na p\u00e1gina do produto\t<\/span>\n<\/p>[\/vc_column][\/vc_row]<\/p>\n<\/div>","protected":false},"excerpt":{"rendered":"<p>[vc_row full_width=&#8221;stretch_row_content&#8221; full_height=&#8221;yes&#8221; content_placement=&#8221;middle&#8221; height=&#8221;700px&#8221; css=&#8221;.vc_custom_1574427137559{border-right-width: 20px !important;border-bottom-width: 20px !important;border-left-width: 20px !important;background-image: url(https:\/\/www.dreamingdogs.com.br\/shop\/wp-content\/uploads\/2019\/10\/DD-composicao-02.jpg?id=3697) !important;background-position: center !important;background-repeat: no-repeat !important;background-size: cover !important;border-left-color: #ffffff !important;border-left-style: solid !important;border-right-color: #ffffff !important;border-right-style: solid !important;border-bottom-color: #ffffff !important;border-bottom-style: solid !important;}&#8221;][vc_column][vc_column_text] Ruling Pens [\/vc_column_text][\/vc_column][\/vc_row][vc_row content_placement=&#8221;middle&#8221; type=&#8221;boxed&#8221; css=&#8221;.vc_custom_1580234476828{margin-right: 23% !important;margin-left: 23% !important;}&#8221;][vc_column width=&#8221;1\/6&#8243; offset=&#8221;vc_col-xs-6&#8243;][vc_btn title=&#8221;&#8221; style=&#8221;outline-custom&#8221; outline_custom_color=&#8221;rgba(102,102,102,0.01)&#8221; outline_custom_hover_background=&#8221;rgba(102,102,102,0.01)&#8221; outline_custom_hover_text=&#8221;rgba(255,255,255,0.01)&#8221; shape=&#8221;square&#8221; size=&#8221;lg&#8221; align=&#8221;center&#8221; css=&#8221;.vc_custom_1566926422306{background-image: url(https:\/\/www.dreamingdogs.com.br\/shop\/wp-content\/uploads\/2019\/08\/01-sofie-2.png?id=3605) !important;background-position: [&hellip;]<\/p>\n","protected":false},"author":1,"featured_media":0,"parent":0,"menu_order":0,"comment_status":"closed","ping_status":"closed","template":"page-full-width.php","meta":{"footnotes":""},"class_list":["post-3347","page","type-page","status-publish","hentry"],"_links":{"self":[{"href":"https:\/\/www.dreamingdogs.com.br\/shop\/wp-json\/wp\/v2\/pages\/3347","targetHints":{"allow":["GET"]}}],"collection":[{"href":"https:\/\/www.dreamingdogs.com.br\/shop\/wp-json\/wp\/v2\/pages"}],"about":[{"href":"https:\/\/www.dreamingdogs.com.br\/shop\/wp-json\/wp\/v2\/types\/page"}],"author":[{"embeddable":true,"href":"https:\/\/www.dreamingdogs.com.br\/shop\/wp-json\/wp\/v2\/users\/1"}],"replies":[{"embeddable":true,"href":"https:\/\/www.dreamingdogs.com.br\/shop\/wp-json\/wp\/v2\/comments?post=3347"}],"version-history":[{"count":7,"href":"https:\/\/www.dreamingdogs.com.br\/shop\/wp-json\/wp\/v2\/pages\/3347\/revisions"}],"predecessor-version":[{"id":4652,"href":"https:\/\/www.dreamingdogs.com.br\/shop\/wp-json\/wp\/v2\/pages\/3347\/revisions\/4652"}],"wp:attachment":[{"href":"https:\/\/www.dreamingdogs.com.br\/shop\/wp-json\/wp\/v2\/media?parent=3347"}],"curies":[{"name":"wp","href":"https:\/\/api.w.org\/{rel}","templated":true}]}}