{"id":3353,"date":"2019-08-13T16:54:55","date_gmt":"2019-08-13T19:54:55","guid":{"rendered":"https:\/\/www.dreamingdogs.com.br\/shop\/sofie\/"},"modified":"2020-01-23T12:05:23","modified_gmt":"2020-01-23T15:05:23","slug":"sofie","status":"publish","type":"page","link":"https:\/\/www.dreamingdogs.com.br\/shop\/sofie\/?lang=en","title":{"rendered":"Sofie"},"content":{"rendered":"<div class=\"wpb-content-wrapper\"><p>[vc_row full_width=&#8221;stretch_row_content&#8221; full_height=&#8221;yes&#8221; content_placement=&#8221;middle&#8221; height=&#8221;700px&#8221; css=&#8221;.vc_custom_1574427174079{border-right-width: 20px !important;border-bottom-width: 20px !important;border-left-width: 20px !important;background-image: url(https:\/\/www.dreamingdogs.com.br\/shop\/wp-content\/uploads\/2019\/11\/IMG_0012-B1.jpg?id=4046) !important;background-position: center !important;background-repeat: no-repeat !important;background-size: cover !important;border-left-color: #ffffff !important;border-left-style: solid !important;border-right-color: #ffffff !important;border-right-style: solid !important;border-bottom-color: #ffffff !important;border-bottom-style: solid !important;}&#8221;][vc_column][vc_column_text]<\/p>\n<h1 style=\"text-align: center; color: #fff; font-size: 62px;\">Sofie<\/h1>\n<p>[\/vc_column_text][\/vc_column][\/vc_row][vc_row content_placement=&#8221;middle&#8221; type=&#8221;boxed&#8221; css=&#8221;.vc_custom_1579788808997{margin-right: 23% !important;margin-left: 23% !important;}&#8221;][vc_column width=&#8221;1\/6&#8243; offset=&#8221;vc_col-xs-6&#8243;][vc_btn title=&#8221;&#8221; style=&#8221;outline-custom&#8221; outline_custom_color=&#8221;rgba(102,102,102,0.01)&#8221; outline_custom_hover_background=&#8221;rgba(102,102,102,0.01)&#8221; outline_custom_hover_text=&#8221;rgba(255,255,255,0.01)&#8221; shape=&#8221;square&#8221; size=&#8221;lg&#8221; align=&#8221;center&#8221; css=&#8221;.vc_custom_1566926422306{background-image: url(https:\/\/www.dreamingdogs.com.br\/shop\/wp-content\/uploads\/2019\/08\/01-sofie-2.png?id=3605) !important;background-position: center !important;background-repeat: no-repeat !important;background-size: contain !important;}&#8221; link=&#8221;url:https%3A%2F%2Fwww.dreamingdogs.com.br%2Fshop%2Fsofie%2F%3Flang%3Den|title:Sofie|&#8221;][vc_column_text css=&#8221;.vc_custom_1571508015763{margin-top: -18px !important;}&#8221;]<\/p>\n<p style=\"text-align: center; color: #005f96; font-size: 0.65em; letter-spacing: 0.1em;\">SOFIE<\/p>\n<p>[\/vc_column_text][\/vc_column][vc_column width=&#8221;1\/6&#8243; offset=&#8221;vc_col-xs-6&#8243;][vc_btn title=&#8221;&#8221; style=&#8221;outline-custom&#8221; outline_custom_color=&#8221;rgba(102,102,102,0.01)&#8221; outline_custom_hover_background=&#8221;rgba(102,102,102,0.01)&#8221; outline_custom_hover_text=&#8221;rgba(255,255,255,0.01)&#8221; shape=&#8221;square&#8221; size=&#8221;lg&#8221; align=&#8221;center&#8221; css=&#8221;.vc_custom_1566926439668{background-image: url(https:\/\/www.dreamingdogs.com.br\/shop\/wp-content\/uploads\/2019\/08\/02-aldus-2.png?id=3607) !important;background-position: center !important;background-repeat: no-repeat !important;background-size: contain !important;}&#8221; link=&#8221;url:https%3A%2F%2Fwww.dreamingdogs.com.br%2Fshop%2Faldus%2F%3Flang%3Den|title:Aldus|&#8221;][vc_column_text css=&#8221;.vc_custom_1571508024564{margin-top: -18px !important;}&#8221;]<\/p>\n<p style=\"text-align: center; color: #005f96; font-size: 0.65em; letter-spacing: 0.1em;\">ALDUS<\/p>\n<p>[\/vc_column_text][\/vc_column][vc_column width=&#8221;1\/6&#8243; offset=&#8221;vc_col-xs-6&#8243;][vc_btn title=&#8221;&#8221; style=&#8221;outline-custom&#8221; outline_custom_color=&#8221;rgba(102,102,102,0.01)&#8221; outline_custom_hover_background=&#8221;rgba(102,102,102,0.01)&#8221; outline_custom_hover_text=&#8221;rgba(255,255,255,0.01)&#8221; shape=&#8221;square&#8221; size=&#8221;lg&#8221; align=&#8221;center&#8221; css=&#8221;.vc_custom_1566926456229{background-image: url(https:\/\/www.dreamingdogs.com.br\/shop\/wp-content\/uploads\/2019\/08\/03-littlelie-2.png?id=3609) !important;background-position: center !important;background-repeat: no-repeat !important;background-size: contain !important;}&#8221; link=&#8221;url:https%3A%2F%2Fwww.dreamingdogs.com.br%2Fshop%2Flittle-lie%2F%3Flang%3Den|title:Little%20lie|&#8221;][vc_column_text css=&#8221;.vc_custom_1571508032744{margin-top: -18px !important;}&#8221;]<\/p>\n<p style=\"text-align: center; color: #005f96; font-size: 0.65em; letter-spacing: 0.1em;\">LITTLE LIE<\/p>\n<p>[\/vc_column_text][\/vc_column][vc_column width=&#8221;1\/6&#8243; offset=&#8221;vc_col-xs-6&#8243;][vc_btn title=&#8221;&#8221; style=&#8221;outline-custom&#8221; outline_custom_color=&#8221;rgba(102,102,102,0.01)&#8221; outline_custom_hover_background=&#8221;rgba(102,102,102,0.01)&#8221; outline_custom_hover_text=&#8221;rgba(255,255,255,0.01)&#8221; shape=&#8221;square&#8221; size=&#8221;lg&#8221; align=&#8221;center&#8221; css=&#8221;.vc_custom_1566926472150{background-image: url(https:\/\/www.dreamingdogs.com.br\/shop\/wp-content\/uploads\/2019\/08\/04-layla-2.png?id=3611) !important;background-position: center !important;background-repeat: no-repeat !important;background-size: contain !important;}&#8221; link=&#8221;url:https%3A%2F%2Fwww.dreamingdogs.com.br%2Fshop%2Flayla%2F%3Flang%3Den|title:Layla|&#8221;][vc_column_text css=&#8221;.vc_custom_1571508040963{margin-top: -18px !important;}&#8221;]<\/p>\n<p style=\"text-align: center; color: #005f96; font-size: 0.65em; letter-spacing: 0.1em;\">LAYLA<\/p>\n<p>[\/vc_column_text][\/vc_column][vc_column width=&#8221;1\/6&#8243; offset=&#8221;vc_col-xs-6&#8243;][vc_btn title=&#8221;&#8221; style=&#8221;outline-custom&#8221; outline_custom_color=&#8221;rgba(102,102,102,0.01)&#8221; outline_custom_hover_background=&#8221;rgba(102,102,102,0.01)&#8221; outline_custom_hover_text=&#8221;rgba(255,255,255,0.01)&#8221; shape=&#8221;square&#8221; size=&#8221;lg&#8221; align=&#8221;center&#8221; css=&#8221;.vc_custom_1566926488518{background-image: url(https:\/\/www.dreamingdogs.com.br\/shop\/wp-content\/uploads\/2019\/08\/05-leeloo-2.png?id=3613) !important;background-position: center !important;background-repeat: no-repeat !important;background-size: contain !important;}&#8221; link=&#8221;url:https%3A%2F%2Fwww.dreamingdogs.com.br%2Fshop%2Fleeloo%2F%3Flang%3Den|title:Leeloo|&#8221;][vc_column_text css=&#8221;.vc_custom_1571508048952{margin-top: -18px !important;}&#8221;]<\/p>\n<p style=\"text-align: center; color: #005f96; font-size: 0.65em; letter-spacing: 0.1em;\">LEELOO<\/p>\n<p>[\/vc_column_text][\/vc_column][vc_column width=&#8221;1\/6&#8243; offset=&#8221;vc_col-xs-6&#8243;][vc_btn title=&#8221;&#8221; style=&#8221;outline-custom&#8221; outline_custom_color=&#8221;rgba(102,102,102,0.01)&#8221; outline_custom_hover_background=&#8221;rgba(102,102,102,0.01)&#8221; outline_custom_hover_text=&#8221;rgba(255,255,255,0.01)&#8221; shape=&#8221;square&#8221; size=&#8221;lg&#8221; align=&#8221;center&#8221; css=&#8221;.vc_custom_1566926508984{background-image: url(https:\/\/www.dreamingdogs.com.br\/shop\/wp-content\/uploads\/2019\/08\/06-lollipop-2.png?id=3615) !important;background-position: center !important;background-repeat: no-repeat !important;background-size: contain !important;}&#8221; link=&#8221;url:https%3A%2F%2Fwww.dreamingdogs.com.br%2Fshop%2Flollipop%2F%3Flang%3Den|title:Lollipop|&#8221;][vc_column_text css=&#8221;.vc_custom_1571508062199{margin-top: -18px !important;}&#8221;]<\/p>\n<p style=\"text-align: center; color: #005f96; font-size: 0.65em; letter-spacing: 0.1em;\">LOLLIPOP<\/p>\n<p>[\/vc_column_text][\/vc_column][\/vc_row][vc_row equal_height=&#8221;yes&#8221; content_placement=&#8221;middle&#8221; css_animation=&#8221;fadeIn&#8221; height=&#8221;500px&#8221; type=&#8221;boxed&#8221; css=&#8221;.vc_custom_1579788820404{margin-right: 20px !important;margin-left: 20px !important;}&#8221;][vc_column width=&#8221;5\/12&#8243; css=&#8221;.vc_custom_1565049750829{padding-right: 15% !important;padding-left: 15% !important;}&#8221;][vc_column_text]Sofie is a broad-edged ruling pen which is delicate, soft and precise. Its tips design is improved by longitudinal folds, which allow the nibs to store more ink in their internal reservoir.[\/vc_column_text][\/vc_column][vc_column width=&#8221;7\/12&#8243; css=&#8221;.vc_custom_1579783753994{background-position: center !important;background-repeat: no-repeat !important;background-size: cover !important;}&#8221;][vc_single_image image=&#8221;3777&#8243; img_size=&#8221;full&#8221; alignment=&#8221;center&#8221;][\/vc_column][\/vc_row][vc_row equal_height=&#8221;yes&#8221; content_placement=&#8221;middle&#8221; css_animation=&#8221;fadeIn&#8221; height=&#8221;500px&#8221; type=&#8221;boxed&#8221; css=&#8221;.vc_custom_1579784007758{margin-right: 20px !important;margin-left: 20px !important;}&#8221;][vc_column width=&#8221;7\/12&#8243; css=&#8221;.vc_custom_1579783957479{background-position: center !important;background-repeat: no-repeat !important;background-size: cover !important;}&#8221;][vc_single_image image=&#8221;4045&#8243; img_size=&#8221;full&#8221; alignment=&#8221;center&#8221;][\/vc_column][vc_column width=&#8221;5\/12&#8243; css=&#8221;.vc_custom_1565047758462{padding-right: 17% !important;padding-left: 17% !important;background-position: center !important;background-repeat: no-repeat !important;background-size: cover !important;}&#8221;][vc_column_text]Sofie is 12mm wide and when used conventionally, results in medium-size classic calligraphy, with excellent cover and precision. Varying the gliding inclination you can easily obtain spatters and irregularities which bring expressiveness even to the most traditional hands. Sofie can be used pulling, pushing, spattering and delineating with its precise edges.[\/vc_column_text][\/vc_column][\/vc_row][vc_row equal_height=&#8221;yes&#8221; content_placement=&#8221;middle&#8221; css_animation=&#8221;fadeIn&#8221; height=&#8221;500px&#8221; type=&#8221;boxed&#8221; css=&#8221;.vc_custom_1579784644779{margin-right: 20px !important;margin-bottom: 50px !important;margin-left: 20px !important;}&#8221;][vc_column width=&#8221;5\/12&#8243; css=&#8221;.vc_custom_1565049145363{padding-right: 17% !important;padding-left: 17% !important;}&#8221;][vc_column_text]Depending on the occasion, the sweet Sofie can be traditional and well behaved, resulting in letters like humanist, italic, and blackletter, but also cheerful and spontaneous, resulting in lines, textures and expressive and unexpected strokes.[\/vc_column_text][\/vc_column][vc_column width=&#8221;7\/12&#8243; css=&#8221;.vc_custom_1579784341667{background-position: center !important;background-repeat: no-repeat !important;background-size: cover !important;}&#8221;][vc_single_image image=&#8221;4591&#8243; img_size=&#8221;full&#8221; alignment=&#8221;center&#8221;][\/vc_column][\/vc_row][vc_row type=&#8221;boxed&#8221; css=&#8221;.vc_custom_1565706853611{margin-top: -25px !important;margin-bottom: 50px !important;}&#8221;][vc_column][vc_video link=&#8221;https:\/\/vimeo.com\/224088255&#8243;][\/vc_column][\/vc_row][vc_row full_width=&#8221;stretch_row_content_no_spaces&#8221; css=&#8221;.vc_custom_1565706899599{margin-right: 20px !important;margin-bottom: 100px !important;margin-left: 20px !important;}&#8221;][vc_column]<style>.shortcode_getbowtied_slider .shortcode-slider-pagination .swiper-pagination-bullet.swiper-pagination-bullet-active:after{background-color: #000000;}<\/style>\n\n\t\t<div class=\"shortcode_getbowtied_slider swiper-container swiper-69ea569152e91 full_height\" style=\" width: 100%\" data-autoplay=\"6\" data-id=\"69ea569152e91\">\n\t\t\t<div class=\"swiper-wrapper\">\n\t\t\t\n\t\t\t<div class=\"swiper-slide left-align\"\n\t\t\tstyle=\t\"background: #CCCCCC url(https:\/\/www.dreamingdogs.com.br\/shop\/wp-content\/uploads\/2019\/08\/DD-sofie-calligraphy3.jpg) center center no-repeat ;\n\t\t\t\t\t-webkit-background-size: cover;\n\t\t\t\t\t-moz-background-size: cover;\n\t\t\t\t\t-o-background-size: cover;\n\t\t\t\t\tbackground-size: cover;\n\t\t\t\t\tcolor: #000000\">\n\t\t\t\t\n\t\t\t\t<div class=\"slider-content\" data-swiper-parallax=\"-50%\">\n\t\t\t\t\t<div class=\"slider-content-wrapper\">\n\t\t\t\t\t\t\n\t\t\t\t\t\t\n\t\t\t\t\t\t\n\t\t\t\t\t<\/div>\n\t\t\t\t<\/div>\n\t\t\t<\/div>\n\t\t\t<div class=\"swiper-slide left-align\"\n\t\t\tstyle=\t\"background: #CCCCCC url(https:\/\/www.dreamingdogs.com.br\/shop\/wp-content\/uploads\/2019\/08\/DD-sofie-calligraphy1.jpg) center center no-repeat ;\n\t\t\t\t\t-webkit-background-size: cover;\n\t\t\t\t\t-moz-background-size: cover;\n\t\t\t\t\t-o-background-size: cover;\n\t\t\t\t\tbackground-size: cover;\n\t\t\t\t\tcolor: #000000\">\n\t\t\t\t\n\t\t\t\t<div class=\"slider-content\" data-swiper-parallax=\"-50%\">\n\t\t\t\t\t<div class=\"slider-content-wrapper\">\n\t\t\t\t\t\t\n\t\t\t\t\t\t\n\t\t\t\t\t\t\n\t\t\t\t\t<\/div>\n\t\t\t\t<\/div>\n\t\t\t<\/div>\n\t\t\t<div class=\"swiper-slide left-align\"\n\t\t\tstyle=\t\"background: #CCCCCC url(https:\/\/www.dreamingdogs.com.br\/shop\/wp-content\/uploads\/2019\/08\/DD-sofie-calligraphy2.jpg) center center no-repeat ;\n\t\t\t\t\t-webkit-background-size: cover;\n\t\t\t\t\t-moz-background-size: cover;\n\t\t\t\t\t-o-background-size: cover;\n\t\t\t\t\tbackground-size: cover;\n\t\t\t\t\tcolor: #000000\">\n\t\t\t\t\n\t\t\t\t<div class=\"slider-content\" data-swiper-parallax=\"-50%\">\n\t\t\t\t\t<div class=\"slider-content-wrapper\">\n\t\t\t\t\t\t\n\t\t\t\t\t\t\n\t\t\t\t\t\t\n\t\t\t\t\t<\/div>\n\t\t\t\t<\/div>\n\t\t\t<\/div>\n\t\t\t<\/div>\n\t\t\t\t<div style=\"color: #000000\" class=\"swiper-button-prev\"><i class=\"spk-icon spk-icon-left-arrow-thin-large\"><\/i><\/div>\n    \t\t\t<div style=\"color: #000000\" class=\"swiper-button-next\"><i class=\"spk-icon spk-icon-right-arrow-thin-large\"><\/i><\/div>\n\t\t\t\t<div style=\"color: #000000\" class=\"shortcode-slider-pagination\"><\/div><\/div>[\/vc_column][\/vc_row][vc_row full_width=&#8221;stretch_row_content&#8221; full_height=&#8221;yes&#8221; columns_placement=&#8221;bottom&#8221; content_placement=&#8221;bottom&#8221; height=&#8221;700px&#8221; css=&#8221;.vc_custom_1574427531935{border-right-width: 20px !important;border-bottom-width: 20px !important;border-left-width: 20px !important;background-image: url(https:\/\/www.dreamingdogs.com.br\/shop\/wp-content\/uploads\/2019\/11\/DD-Sofie-pen-2.jpg?id=4042) !important;background-position: center !important;background-repeat: no-repeat !important;background-size: cover !important;border-left-color: #ffffff !important;border-left-style: solid !important;border-right-color: #ffffff !important;border-right-style: solid !important;border-bottom-color: #ffffff !important;border-bottom-style: solid !important;}&#8221;][vc_column][vc_column_text]<\/p>\n<h3 style=\"text-align: center; color: #fff; font-size: 62px;\">Sofie<\/h3>\n<p style=\"text-align: center; color: #fff;\">Delicate, soft, and precise<\/p>\n<p>[\/vc_column_text]<p class=\"product woocommerce add_to_cart_inline \" style=\"border:4px solid #ccc; padding: 12px;\"><span class=\"woocommerce-Price-amount amount\"><bdi><span class=\"woocommerce-Price-currencySymbol\">&#82;&#36;<\/span>155,00<\/bdi><\/span><a href=\"https:\/\/www.dreamingdogs.com.br\/shop\/produto\/sofie\/\" aria-describedby=\"woocommerce_loop_add_to_cart_link_describedby_116\" data-quantity=\"1\" class=\"button product_type_variable\" data-product_id=\"116\" data-product_sku=\"DD001\" aria-label=\"Selecione as op\u00e7\u00f5es para &ldquo;Sofie&rdquo;\" rel=\"nofollow\">Ver op\u00e7\u00f5es<\/a>\t<span id=\"woocommerce_loop_add_to_cart_link_describedby_116\" class=\"screen-reader-text\">\n\t\tEste produto tem v\u00e1rias variantes. As op\u00e7\u00f5es podem ser escolhidas na p\u00e1gina do produto\t<\/span>\n<\/p>[\/vc_column][\/vc_row]<\/p>\n<\/div>","protected":false},"excerpt":{"rendered":"<p>[vc_row full_width=&#8221;stretch_row_content&#8221; full_height=&#8221;yes&#8221; content_placement=&#8221;middle&#8221; height=&#8221;700px&#8221; css=&#8221;.vc_custom_1574427174079{border-right-width: 20px !important;border-bottom-width: 20px !important;border-left-width: 20px !important;background-image: url(https:\/\/www.dreamingdogs.com.br\/shop\/wp-content\/uploads\/2019\/11\/IMG_0012-B1.jpg?id=4046) !important;background-position: center !important;background-repeat: no-repeat !important;background-size: cover !important;border-left-color: #ffffff !important;border-left-style: solid !important;border-right-color: #ffffff !important;border-right-style: solid !important;border-bottom-color: #ffffff !important;border-bottom-style: solid !important;}&#8221;][vc_column][vc_column_text] Sofie [\/vc_column_text][\/vc_column][\/vc_row][vc_row content_placement=&#8221;middle&#8221; type=&#8221;boxed&#8221; css=&#8221;.vc_custom_1579788808997{margin-right: 23% !important;margin-left: 23% !important;}&#8221;][vc_column width=&#8221;1\/6&#8243; offset=&#8221;vc_col-xs-6&#8243;][vc_btn title=&#8221;&#8221; style=&#8221;outline-custom&#8221; outline_custom_color=&#8221;rgba(102,102,102,0.01)&#8221; outline_custom_hover_background=&#8221;rgba(102,102,102,0.01)&#8221; outline_custom_hover_text=&#8221;rgba(255,255,255,0.01)&#8221; shape=&#8221;square&#8221; size=&#8221;lg&#8221; align=&#8221;center&#8221; css=&#8221;.vc_custom_1566926422306{background-image: url(https:\/\/www.dreamingdogs.com.br\/shop\/wp-content\/uploads\/2019\/08\/01-sofie-2.png?id=3605) !important;background-position: center [&hellip;]<\/p>\n","protected":false},"author":1,"featured_media":0,"parent":0,"menu_order":0,"comment_status":"closed","ping_status":"closed","template":"page-full-width.php","meta":{"footnotes":""},"class_list":["post-3353","page","type-page","status-publish","hentry"],"_links":{"self":[{"href":"https:\/\/www.dreamingdogs.com.br\/shop\/wp-json\/wp\/v2\/pages\/3353","targetHints":{"allow":["GET"]}}],"collection":[{"href":"https:\/\/www.dreamingdogs.com.br\/shop\/wp-json\/wp\/v2\/pages"}],"about":[{"href":"https:\/\/www.dreamingdogs.com.br\/shop\/wp-json\/wp\/v2\/types\/page"}],"author":[{"embeddable":true,"href":"https:\/\/www.dreamingdogs.com.br\/shop\/wp-json\/wp\/v2\/users\/1"}],"replies":[{"embeddable":true,"href":"https:\/\/www.dreamingdogs.com.br\/shop\/wp-json\/wp\/v2\/comments?post=3353"}],"version-history":[{"count":9,"href":"https:\/\/www.dreamingdogs.com.br\/shop\/wp-json\/wp\/v2\/pages\/3353\/revisions"}],"predecessor-version":[{"id":4613,"href":"https:\/\/www.dreamingdogs.com.br\/shop\/wp-json\/wp\/v2\/pages\/3353\/revisions\/4613"}],"wp:attachment":[{"href":"https:\/\/www.dreamingdogs.com.br\/shop\/wp-json\/wp\/v2\/media?parent=3353"}],"curies":[{"name":"wp","href":"https:\/\/api.w.org\/{rel}","templated":true}]}}