{"id":3359,"date":"2019-08-13T17:00:02","date_gmt":"2019-08-13T20:00:02","guid":{"rendered":"https:\/\/www.dreamingdogs.com.br\/shop\/little-lie\/"},"modified":"2021-03-17T18:17:07","modified_gmt":"2021-03-17T21:17:07","slug":"little-lie","status":"publish","type":"page","link":"https:\/\/www.dreamingdogs.com.br\/shop\/little-lie\/?lang=en","title":{"rendered":"Little lie"},"content":{"rendered":"<div class=\"wpb-content-wrapper\"><p>[vc_row full_width=&#8221;stretch_row_content&#8221; full_height=&#8221;yes&#8221; content_placement=&#8221;middle&#8221; height=&#8221;700px&#8221; css=&#8221;.vc_custom_1574426190009{border-right-width: 20px !important;border-bottom-width: 20px !important;border-left-width: 20px !important;background-image: url(https:\/\/www.dreamingdogs.com.br\/shop\/wp-content\/uploads\/2019\/08\/DD-littlelie1.jpg?id=3234) !important;background-position: center !important;background-repeat: no-repeat !important;background-size: cover !important;border-left-color: #ffffff !important;border-left-style: solid !important;border-right-color: #ffffff !important;border-right-style: solid !important;border-bottom-color: #ffffff !important;border-bottom-style: solid !important;}&#8221;][vc_column][vc_column_text]<\/p>\n<h1 style=\"text-align: center; color: #fff; font-size: 62px;\">Little lie<\/h1>\n<p>[\/vc_column_text][\/vc_column][\/vc_row][vc_row content_placement=&#8221;middle&#8221; type=&#8221;boxed&#8221; css=&#8221;.vc_custom_1579789525005{margin-right: 23% !important;margin-left: 23% !important;}&#8221;][vc_column width=&#8221;1\/6&#8243; offset=&#8221;vc_col-xs-6&#8243;][vc_btn title=&#8221;&#8221; style=&#8221;outline-custom&#8221; outline_custom_color=&#8221;rgba(102,102,102,0.01)&#8221; outline_custom_hover_background=&#8221;rgba(102,102,102,0.01)&#8221; outline_custom_hover_text=&#8221;rgba(255,255,255,0.01)&#8221; shape=&#8221;square&#8221; size=&#8221;lg&#8221; align=&#8221;center&#8221; css=&#8221;.vc_custom_1566926422306{background-image: url(https:\/\/www.dreamingdogs.com.br\/shop\/wp-content\/uploads\/2019\/08\/01-sofie-2.png?id=3605) !important;background-position: center !important;background-repeat: no-repeat !important;background-size: contain !important;}&#8221; link=&#8221;url:https%3A%2F%2Fwww.dreamingdogs.com.br%2Fshop%2Fsofie%2F%3Flang%3Den|title:Sofie|&#8221;][vc_column_text css=&#8221;.vc_custom_1571508181740{margin-top: -18px !important;}&#8221;]<\/p>\n<p style=\"text-align: center; color: #005f96; font-size: 0.65em; letter-spacing: 0.1em;\">SOFIE<\/p>\n<p>[\/vc_column_text][\/vc_column][vc_column width=&#8221;1\/6&#8243; offset=&#8221;vc_col-xs-6&#8243;][vc_btn title=&#8221;&#8221; style=&#8221;outline-custom&#8221; outline_custom_color=&#8221;rgba(102,102,102,0.01)&#8221; outline_custom_hover_background=&#8221;rgba(102,102,102,0.01)&#8221; outline_custom_hover_text=&#8221;rgba(255,255,255,0.01)&#8221; shape=&#8221;square&#8221; size=&#8221;lg&#8221; align=&#8221;center&#8221; css=&#8221;.vc_custom_1566926439668{background-image: url(https:\/\/www.dreamingdogs.com.br\/shop\/wp-content\/uploads\/2019\/08\/02-aldus-2.png?id=3607) !important;background-position: center !important;background-repeat: no-repeat !important;background-size: contain !important;}&#8221; link=&#8221;url:https%3A%2F%2Fwww.dreamingdogs.com.br%2Fshop%2Faldus%2F%3Flang%3Den|title:Aldus|&#8221;][vc_column_text css=&#8221;.vc_custom_1571508188965{margin-top: -18px !important;}&#8221;]<\/p>\n<p style=\"text-align: center; color: #005f96; font-size: 0.65em; letter-spacing: 0.1em;\">ALDUS<\/p>\n<p>[\/vc_column_text][\/vc_column][vc_column width=&#8221;1\/6&#8243; offset=&#8221;vc_col-xs-6&#8243;][vc_btn title=&#8221;&#8221; style=&#8221;outline-custom&#8221; outline_custom_color=&#8221;rgba(102,102,102,0.01)&#8221; outline_custom_hover_background=&#8221;rgba(102,102,102,0.01)&#8221; outline_custom_hover_text=&#8221;rgba(255,255,255,0.01)&#8221; shape=&#8221;square&#8221; size=&#8221;lg&#8221; align=&#8221;center&#8221; css=&#8221;.vc_custom_1566926456229{background-image: url(https:\/\/www.dreamingdogs.com.br\/shop\/wp-content\/uploads\/2019\/08\/03-littlelie-2.png?id=3609) !important;background-position: center !important;background-repeat: no-repeat !important;background-size: contain !important;}&#8221; link=&#8221;url:https%3A%2F%2Fwww.dreamingdogs.com.br%2Fshop%2Flittle-lie%2F%3Flang%3Den|title:Little%20lie|&#8221;][vc_column_text css=&#8221;.vc_custom_1571508197535{margin-top: -18px !important;}&#8221;]<\/p>\n<p style=\"text-align: center; color: #005f96; font-size: 0.65em; letter-spacing: 0.1em;\">LITTLE LIE<\/p>\n<p>[\/vc_column_text][\/vc_column][vc_column width=&#8221;1\/6&#8243; offset=&#8221;vc_col-xs-6&#8243;][vc_btn title=&#8221;&#8221; style=&#8221;outline-custom&#8221; outline_custom_color=&#8221;rgba(102,102,102,0.01)&#8221; outline_custom_hover_background=&#8221;rgba(102,102,102,0.01)&#8221; outline_custom_hover_text=&#8221;rgba(255,255,255,0.01)&#8221; shape=&#8221;square&#8221; size=&#8221;lg&#8221; align=&#8221;center&#8221; css=&#8221;.vc_custom_1566926472150{background-image: url(https:\/\/www.dreamingdogs.com.br\/shop\/wp-content\/uploads\/2019\/08\/04-layla-2.png?id=3611) !important;background-position: center !important;background-repeat: no-repeat !important;background-size: contain !important;}&#8221; link=&#8221;url:https%3A%2F%2Fwww.dreamingdogs.com.br%2Fshop%2Flayla%2F%3Flang%3Den|title:Layla|&#8221;][vc_column_text css=&#8221;.vc_custom_1571508211226{margin-top: -18px !important;}&#8221;]<\/p>\n<p style=\"text-align: center; color: #005f96; font-size: 0.65em; letter-spacing: 0.1em;\">LAYLA<\/p>\n<p>[\/vc_column_text][\/vc_column][vc_column width=&#8221;1\/6&#8243; offset=&#8221;vc_col-xs-6&#8243;][vc_btn title=&#8221;&#8221; style=&#8221;outline-custom&#8221; outline_custom_color=&#8221;rgba(102,102,102,0.01)&#8221; outline_custom_hover_background=&#8221;rgba(102,102,102,0.01)&#8221; outline_custom_hover_text=&#8221;rgba(255,255,255,0.01)&#8221; shape=&#8221;square&#8221; size=&#8221;lg&#8221; align=&#8221;center&#8221; css=&#8221;.vc_custom_1566926488518{background-image: url(https:\/\/www.dreamingdogs.com.br\/shop\/wp-content\/uploads\/2019\/08\/05-leeloo-2.png?id=3613) !important;background-position: center !important;background-repeat: no-repeat !important;background-size: contain !important;}&#8221; link=&#8221;url:https%3A%2F%2Fwww.dreamingdogs.com.br%2Fshop%2Fleeloo%2F%3Flang%3Den|title:Leeloo|&#8221;][vc_column_text css=&#8221;.vc_custom_1571508221622{margin-top: -18px !important;}&#8221;]<\/p>\n<p style=\"text-align: center; color: #005f96; font-size: 0.65em; letter-spacing: 0.1em;\">LEELOO<\/p>\n<p>[\/vc_column_text][\/vc_column][vc_column width=&#8221;1\/6&#8243; offset=&#8221;vc_col-xs-6&#8243;][vc_btn title=&#8221;&#8221; style=&#8221;outline-custom&#8221; outline_custom_color=&#8221;rgba(102,102,102,0.01)&#8221; outline_custom_hover_background=&#8221;rgba(102,102,102,0.01)&#8221; outline_custom_hover_text=&#8221;rgba(255,255,255,0.01)&#8221; shape=&#8221;square&#8221; size=&#8221;lg&#8221; align=&#8221;center&#8221; css=&#8221;.vc_custom_1566926508984{background-image: url(https:\/\/www.dreamingdogs.com.br\/shop\/wp-content\/uploads\/2019\/08\/06-lollipop-2.png?id=3615) !important;background-position: center !important;background-repeat: no-repeat !important;background-size: contain !important;}&#8221; link=&#8221;url:https%3A%2F%2Fwww.dreamingdogs.com.br%2Fshop%2Flollipop%2F%3Flang%3Den|title:Lollipop|&#8221;][vc_column_text css=&#8221;.vc_custom_1571508241792{margin-top: -18px !important;}&#8221;]<\/p>\n<p style=\"text-align: center; color: #005f96; font-size: 0.65em; letter-spacing: 0.1em;\">LOLLIPOP<\/p>\n<p>[\/vc_column_text][\/vc_column][\/vc_row][vc_row equal_height=&#8221;yes&#8221; content_placement=&#8221;middle&#8221; css_animation=&#8221;fadeIn&#8221; height=&#8221;500px&#8221; type=&#8221;boxed&#8221; css=&#8221;.vc_custom_1579789613659{margin-right: 20px !important;margin-left: 20px !important;}&#8221;][vc_column width=&#8221;5\/12&#8243; css=&#8221;.vc_custom_1565049750829{padding-right: 15% !important;padding-left: 15% !important;}&#8221;][vc_column_text]Little Lie is a distinct model, appropriate for delicate calligraphy in smaller sizes for precision in shapes and strokes.<\/p>\n<p>Its writing surface is slightly curved and narrow, providing a comfortable grip and allowing regularity in stroke width. This pen stands out due to its versatility of uses and results.[\/vc_column_text][\/vc_column][vc_column width=&#8221;7\/12&#8243; css=&#8221;.vc_custom_1579789590470{background-position: center !important;background-repeat: no-repeat !important;background-size: cover !important;}&#8221;][vc_single_image image=&#8221;3787&#8243; img_size=&#8221;full&#8221; alignment=&#8221;center&#8221;][\/vc_column][\/vc_row][vc_row equal_height=&#8221;yes&#8221; content_placement=&#8221;middle&#8221; css_animation=&#8221;fadeIn&#8221; height=&#8221;500px&#8221; type=&#8221;boxed&#8221; css=&#8221;.vc_custom_1579789747716{margin-right: 20px !important;margin-left: 20px !important;}&#8221;][vc_column width=&#8221;7\/12&#8243; css=&#8221;.vc_custom_1579789669391{background-position: center !important;background-repeat: no-repeat !important;background-size: cover !important;}&#8221;][vc_single_image image=&#8221;3241&#8243; img_size=&#8221;full&#8221; alignment=&#8221;center&#8221;][\/vc_column][vc_column width=&#8221;5\/12&#8243; css=&#8221;.vc_custom_1565047758462{padding-right: 17% !important;padding-left: 17% !important;background-position: center !important;background-repeat: no-repeat !important;background-size: cover !important;}&#8221;][vc_column_text]The variations on stroke thickness can be achieved by the inclination of the pen with the paper or by rotating the pens, allowing different stroke effects. Irregular strokes can also be easily achieved by changing the gliding inclination, producing splatters, ink specks, and variations on stroke thickness and form.[\/vc_column_text][\/vc_column][\/vc_row][vc_row type=&#8221;boxed&#8221; css=&#8221;.vc_custom_1616006971997{margin-top: 50px !important;margin-bottom: 50px !important;}&#8221;][vc_column css=&#8221;.vc_custom_1616003919728{background-color: #00669a !important;}&#8221;][vc_column_text css=&#8221;.vc_custom_1616011987100{margin-top: 50px !important;}&#8221;]<\/p>\n<p style=\"text-align: center; color: #fff; font-size: 45px;\">Delicate and precise<\/p>\n<p style=\"text-align: center;\"><span style=\"color: #ffffff;\">The small Little Lie, youngest of the Dreaming Dogs pack, has become<br \/>the illustrators\u2019 favorite pen. Even though Little Lie is fast, instinctive and extremely expressive,<br \/>she knows how to behave gently and obedient when necessary.<\/span><\/p>\n<p>[\/vc_column_text][vc_video link=&#8221;https:\/\/youtu.be\/XYr9yGecMOo&#8221; el_width=&#8221;90&#8243; align=&#8221;center&#8221; css=&#8221;.vc_custom_1616012025942{margin-top: -10px !important;}&#8221;][\/vc_column][\/vc_row][vc_row full_width=&#8221;stretch_row_content_no_spaces&#8221; css=&#8221;.vc_custom_1565722028950{margin-bottom: 100px !important;}&#8221;][vc_column]<style>.shortcode_getbowtied_slider .shortcode-slider-pagination .swiper-pagination-bullet.swiper-pagination-bullet-active:after{background-color: #000000;}<\/style>\n\n\t\t<div class=\"shortcode_getbowtied_slider swiper-container swiper-69ea59f8ca967 full_height\" style=\" width: 100%\" data-autoplay=\"6\" data-id=\"69ea59f8ca967\">\n\t\t\t<div class=\"swiper-wrapper\">\n\t\t\t\n\t\t\t<div class=\"swiper-slide left-align\"\n\t\t\tstyle=\t\"background: #CCCCCC url(https:\/\/www.dreamingdogs.com.br\/shop\/wp-content\/uploads\/2019\/08\/DD-littlelie-calligraphy4.jpg) center center no-repeat ;\n\t\t\t\t\t-webkit-background-size: cover;\n\t\t\t\t\t-moz-background-size: cover;\n\t\t\t\t\t-o-background-size: cover;\n\t\t\t\t\tbackground-size: cover;\n\t\t\t\t\tcolor: #000000\">\n\t\t\t\t\n\t\t\t\t<div class=\"slider-content\" data-swiper-parallax=\"-50%\">\n\t\t\t\t\t<div class=\"slider-content-wrapper\">\n\t\t\t\t\t\t\n\t\t\t\t\t\t\n\t\t\t\t\t\t\n\t\t\t\t\t<\/div>\n\t\t\t\t<\/div>\n\t\t\t<\/div>\n\t\t\t<div class=\"swiper-slide left-align\"\n\t\t\tstyle=\t\"background: #CCCCCC url(https:\/\/www.dreamingdogs.com.br\/shop\/wp-content\/uploads\/2019\/08\/DD-littlelie-calligraphy2.jpg) center center no-repeat ;\n\t\t\t\t\t-webkit-background-size: cover;\n\t\t\t\t\t-moz-background-size: cover;\n\t\t\t\t\t-o-background-size: cover;\n\t\t\t\t\tbackground-size: cover;\n\t\t\t\t\tcolor: #000000\">\n\t\t\t\t\n\t\t\t\t<div class=\"slider-content\" data-swiper-parallax=\"-50%\">\n\t\t\t\t\t<div class=\"slider-content-wrapper\">\n\t\t\t\t\t\t\n\t\t\t\t\t\t\n\t\t\t\t\t\t\n\t\t\t\t\t<\/div>\n\t\t\t\t<\/div>\n\t\t\t<\/div>\n\t\t\t<div class=\"swiper-slide left-align\"\n\t\t\tstyle=\t\"background: #CCCCCC url(https:\/\/www.dreamingdogs.com.br\/shop\/wp-content\/uploads\/2019\/08\/DD-littlelie-calligraphy3.jpg) center center no-repeat ;\n\t\t\t\t\t-webkit-background-size: cover;\n\t\t\t\t\t-moz-background-size: cover;\n\t\t\t\t\t-o-background-size: cover;\n\t\t\t\t\tbackground-size: cover;\n\t\t\t\t\tcolor: #000000\">\n\t\t\t\t\n\t\t\t\t<div class=\"slider-content\" data-swiper-parallax=\"-50%\">\n\t\t\t\t\t<div class=\"slider-content-wrapper\">\n\t\t\t\t\t\t\n\t\t\t\t\t\t\n\t\t\t\t\t\t\n\t\t\t\t\t<\/div>\n\t\t\t\t<\/div>\n\t\t\t<\/div>\n\t\t\t<div class=\"swiper-slide left-align\"\n\t\t\tstyle=\t\"background: #CCCCCC url(https:\/\/www.dreamingdogs.com.br\/shop\/wp-content\/uploads\/2019\/08\/DD-littlelie-calligraphy1.jpg) center center no-repeat ;\n\t\t\t\t\t-webkit-background-size: cover;\n\t\t\t\t\t-moz-background-size: cover;\n\t\t\t\t\t-o-background-size: cover;\n\t\t\t\t\tbackground-size: cover;\n\t\t\t\t\tcolor: #000000\">\n\t\t\t\t\n\t\t\t\t<div class=\"slider-content\" data-swiper-parallax=\"-50%\">\n\t\t\t\t\t<div class=\"slider-content-wrapper\">\n\t\t\t\t\t\t\n\t\t\t\t\t\t\n\t\t\t\t\t\t\n\t\t\t\t\t<\/div>\n\t\t\t\t<\/div>\n\t\t\t<\/div>\n\t\t\t<\/div>\n\t\t\t\t<div style=\"color: #000000\" class=\"swiper-button-prev\"><i class=\"spk-icon spk-icon-left-arrow-thin-large\"><\/i><\/div>\n    \t\t\t<div style=\"color: #000000\" class=\"swiper-button-next\"><i class=\"spk-icon spk-icon-right-arrow-thin-large\"><\/i><\/div>\n\t\t\t\t<div style=\"color: #000000\" class=\"shortcode-slider-pagination\"><\/div><\/div>[\/vc_column][\/vc_row][vc_row full_width=&#8221;stretch_row_content&#8221; full_height=&#8221;yes&#8221; columns_placement=&#8221;bottom&#8221; content_placement=&#8221;bottom&#8221; height=&#8221;700px&#8221; css=&#8221;.vc_custom_1574427423606{border-right-width: 20px !important;border-bottom-width: 20px !important;border-left-width: 20px !important;background-image: url(https:\/\/www.dreamingdogs.com.br\/shop\/wp-content\/uploads\/2019\/11\/DD-littlelie3.jpg?id=4049) !important;background-position: center !important;background-repeat: no-repeat !important;background-size: cover !important;border-left-color: #ffffff !important;border-left-style: solid !important;border-right-color: #ffffff !important;border-right-style: solid !important;border-bottom-color: #ffffff !important;border-bottom-style: solid !important;}&#8221;][vc_column][vc_column_text]<\/p>\n<h3 style=\"text-align: center; color: #fff; font-size: 62px;\">Little lie<\/h3>\n<p>[\/vc_column_text]<p class=\"product woocommerce add_to_cart_inline \" style=\"border:4px solid #ccc; padding: 12px;\"><span class=\"woocommerce-Price-amount amount\"><bdi><span class=\"woocommerce-Price-currencySymbol\">&#82;&#36;<\/span>155,00<\/bdi><\/span><a href=\"https:\/\/www.dreamingdogs.com.br\/shop\/produto\/little-lie\/\" aria-describedby=\"woocommerce_loop_add_to_cart_link_describedby_106\" data-quantity=\"1\" class=\"button product_type_variable\" data-product_id=\"106\" data-product_sku=\"DD003\" aria-label=\"Selecione as op\u00e7\u00f5es para &ldquo;Little lie&rdquo;\" rel=\"nofollow\">Ver op\u00e7\u00f5es<\/a>\t<span id=\"woocommerce_loop_add_to_cart_link_describedby_106\" class=\"screen-reader-text\">\n\t\tEste produto tem v\u00e1rias variantes. As op\u00e7\u00f5es podem ser escolhidas na p\u00e1gina do produto\t<\/span>\n<\/p>[\/vc_column][\/vc_row]<\/p>\n<\/div>","protected":false},"excerpt":{"rendered":"<p>[vc_row full_width=&#8221;stretch_row_content&#8221; full_height=&#8221;yes&#8221; content_placement=&#8221;middle&#8221; height=&#8221;700px&#8221; css=&#8221;.vc_custom_1574426190009{border-right-width: 20px !important;border-bottom-width: 20px !important;border-left-width: 20px !important;background-image: url(https:\/\/www.dreamingdogs.com.br\/shop\/wp-content\/uploads\/2019\/08\/DD-littlelie1.jpg?id=3234) !important;background-position: center !important;background-repeat: no-repeat !important;background-size: cover !important;border-left-color: #ffffff !important;border-left-style: solid !important;border-right-color: #ffffff !important;border-right-style: solid !important;border-bottom-color: #ffffff !important;border-bottom-style: solid !important;}&#8221;][vc_column][vc_column_text] Little lie [\/vc_column_text][\/vc_column][\/vc_row][vc_row content_placement=&#8221;middle&#8221; type=&#8221;boxed&#8221; css=&#8221;.vc_custom_1579789525005{margin-right: 23% !important;margin-left: 23% !important;}&#8221;][vc_column width=&#8221;1\/6&#8243; offset=&#8221;vc_col-xs-6&#8243;][vc_btn title=&#8221;&#8221; style=&#8221;outline-custom&#8221; outline_custom_color=&#8221;rgba(102,102,102,0.01)&#8221; outline_custom_hover_background=&#8221;rgba(102,102,102,0.01)&#8221; outline_custom_hover_text=&#8221;rgba(255,255,255,0.01)&#8221; shape=&#8221;square&#8221; size=&#8221;lg&#8221; align=&#8221;center&#8221; css=&#8221;.vc_custom_1566926422306{background-image: url(https:\/\/www.dreamingdogs.com.br\/shop\/wp-content\/uploads\/2019\/08\/01-sofie-2.png?id=3605) !important;background-position: [&hellip;]<\/p>\n","protected":false},"author":1,"featured_media":0,"parent":0,"menu_order":0,"comment_status":"closed","ping_status":"closed","template":"page-full-width.php","meta":{"footnotes":""},"class_list":["post-3359","page","type-page","status-publish","hentry"],"_links":{"self":[{"href":"https:\/\/www.dreamingdogs.com.br\/shop\/wp-json\/wp\/v2\/pages\/3359","targetHints":{"allow":["GET"]}}],"collection":[{"href":"https:\/\/www.dreamingdogs.com.br\/shop\/wp-json\/wp\/v2\/pages"}],"about":[{"href":"https:\/\/www.dreamingdogs.com.br\/shop\/wp-json\/wp\/v2\/types\/page"}],"author":[{"embeddable":true,"href":"https:\/\/www.dreamingdogs.com.br\/shop\/wp-json\/wp\/v2\/users\/1"}],"replies":[{"embeddable":true,"href":"https:\/\/www.dreamingdogs.com.br\/shop\/wp-json\/wp\/v2\/comments?post=3359"}],"version-history":[{"count":18,"href":"https:\/\/www.dreamingdogs.com.br\/shop\/wp-json\/wp\/v2\/pages\/3359\/revisions"}],"predecessor-version":[{"id":5077,"href":"https:\/\/www.dreamingdogs.com.br\/shop\/wp-json\/wp\/v2\/pages\/3359\/revisions\/5077"}],"wp:attachment":[{"href":"https:\/\/www.dreamingdogs.com.br\/shop\/wp-json\/wp\/v2\/media?parent=3359"}],"curies":[{"name":"wp","href":"https:\/\/api.w.org\/{rel}","templated":true}]}}