{"id":3365,"date":"2019-08-13T17:04:35","date_gmt":"2019-08-13T20:04:35","guid":{"rendered":"https:\/\/www.dreamingdogs.com.br\/shop\/leeloo\/"},"modified":"2021-03-17T18:09:14","modified_gmt":"2021-03-17T21:09:14","slug":"leeloo","status":"publish","type":"page","link":"https:\/\/www.dreamingdogs.com.br\/shop\/leeloo\/?lang=en","title":{"rendered":"Leeloo"},"content":{"rendered":"<div class=\"wpb-content-wrapper\"><p>[vc_row full_width=&#8221;stretch_row_content&#8221; full_height=&#8221;yes&#8221; content_placement=&#8221;middle&#8221; height=&#8221;700px&#8221; css=&#8221;.vc_custom_1574426178513{border-right-width: 20px !important;border-bottom-width: 20px !important;border-left-width: 20px !important;background-image: url(https:\/\/www.dreamingdogs.com.br\/shop\/wp-content\/uploads\/2019\/08\/DD-leeloo-01-1.jpg?id=3300) !important;background-position: center !important;background-repeat: no-repeat !important;background-size: cover !important;border-left-color: #ffffff !important;border-left-style: solid !important;border-right-color: #ffffff !important;border-right-style: solid !important;border-bottom-color: #ffffff !important;border-bottom-style: solid !important;}&#8221;][vc_column][vc_column_text]<\/p>\n<h1 style=\"text-align: center; color: #fff; font-size: 62px;\">Leeloo<\/h1>\n<p>[\/vc_column_text][\/vc_column][\/vc_row][vc_row content_placement=&#8221;middle&#8221; type=&#8221;boxed&#8221; css=&#8221;.vc_custom_1579790461373{margin-right: 23% !important;margin-left: 23% !important;}&#8221;][vc_column width=&#8221;1\/6&#8243; offset=&#8221;vc_col-xs-6&#8243;][vc_btn title=&#8221;&#8221; style=&#8221;outline-custom&#8221; outline_custom_color=&#8221;rgba(102,102,102,0.01)&#8221; outline_custom_hover_background=&#8221;rgba(102,102,102,0.01)&#8221; outline_custom_hover_text=&#8221;rgba(255,255,255,0.01)&#8221; shape=&#8221;square&#8221; size=&#8221;lg&#8221; align=&#8221;center&#8221; css=&#8221;.vc_custom_1566926422306{background-image: url(https:\/\/www.dreamingdogs.com.br\/shop\/wp-content\/uploads\/2019\/08\/01-sofie-2.png?id=3605) !important;background-position: center !important;background-repeat: no-repeat !important;background-size: contain !important;}&#8221; link=&#8221;url:https%3A%2F%2Fwww.dreamingdogs.com.br%2Fshop%2Fsofie%2F%3Flang%3Den|title:Sofie|&#8221;][vc_column_text css=&#8221;.vc_custom_1571508343501{margin-top: -18px !important;}&#8221;]<\/p>\n<p style=\"text-align: center; color: #005f96; font-size: 0.65em; letter-spacing: 0.1em;\">SOFIE<\/p>\n<p>[\/vc_column_text][\/vc_column][vc_column width=&#8221;1\/6&#8243; offset=&#8221;vc_col-xs-6&#8243;][vc_btn title=&#8221;&#8221; style=&#8221;outline-custom&#8221; outline_custom_color=&#8221;rgba(102,102,102,0.01)&#8221; outline_custom_hover_background=&#8221;rgba(102,102,102,0.01)&#8221; outline_custom_hover_text=&#8221;rgba(255,255,255,0.01)&#8221; shape=&#8221;square&#8221; size=&#8221;lg&#8221; align=&#8221;center&#8221; css=&#8221;.vc_custom_1566926439668{background-image: url(https:\/\/www.dreamingdogs.com.br\/shop\/wp-content\/uploads\/2019\/08\/02-aldus-2.png?id=3607) !important;background-position: center !important;background-repeat: no-repeat !important;background-size: contain !important;}&#8221; link=&#8221;url:https%3A%2F%2Fwww.dreamingdogs.com.br%2Fshop%2Faldus%2F%3Flang%3Den|title:Aldus|&#8221;][vc_column_text css=&#8221;.vc_custom_1571508352304{margin-top: -18px !important;}&#8221;]<\/p>\n<p style=\"text-align: center; color: #005f96; font-size: 0.65em; letter-spacing: 0.1em;\">ALDUS<\/p>\n<p>[\/vc_column_text][\/vc_column][vc_column width=&#8221;1\/6&#8243; offset=&#8221;vc_col-xs-6&#8243;][vc_btn title=&#8221;&#8221; style=&#8221;outline-custom&#8221; outline_custom_color=&#8221;rgba(102,102,102,0.01)&#8221; outline_custom_hover_background=&#8221;rgba(102,102,102,0.01)&#8221; outline_custom_hover_text=&#8221;rgba(255,255,255,0.01)&#8221; shape=&#8221;square&#8221; size=&#8221;lg&#8221; align=&#8221;center&#8221; css=&#8221;.vc_custom_1566926456229{background-image: url(https:\/\/www.dreamingdogs.com.br\/shop\/wp-content\/uploads\/2019\/08\/03-littlelie-2.png?id=3609) !important;background-position: center !important;background-repeat: no-repeat !important;background-size: contain !important;}&#8221; link=&#8221;url:https%3A%2F%2Fwww.dreamingdogs.com.br%2Fshop%2Flittle-lie%2F%3Flang%3Den|title:Little%20lie|&#8221;][vc_column_text css=&#8221;.vc_custom_1571508362355{margin-top: -18px !important;}&#8221;]<\/p>\n<p style=\"text-align: center; color: #005f96; font-size: 0.65em; letter-spacing: 0.1em;\">LITTLE LIE<\/p>\n<p>[\/vc_column_text][\/vc_column][vc_column width=&#8221;1\/6&#8243; offset=&#8221;vc_col-xs-6&#8243;][vc_btn title=&#8221;&#8221; style=&#8221;outline-custom&#8221; outline_custom_color=&#8221;rgba(102,102,102,0.01)&#8221; outline_custom_hover_background=&#8221;rgba(102,102,102,0.01)&#8221; outline_custom_hover_text=&#8221;rgba(255,255,255,0.01)&#8221; shape=&#8221;square&#8221; size=&#8221;lg&#8221; align=&#8221;center&#8221; css=&#8221;.vc_custom_1566926472150{background-image: url(https:\/\/www.dreamingdogs.com.br\/shop\/wp-content\/uploads\/2019\/08\/04-layla-2.png?id=3611) !important;background-position: center !important;background-repeat: no-repeat !important;background-size: contain !important;}&#8221; link=&#8221;url:https%3A%2F%2Fwww.dreamingdogs.com.br%2Fshop%2Flayla%2F%3Flang%3Den|title:Layla|&#8221;][vc_column_text css=&#8221;.vc_custom_1571508369613{margin-top: -18px !important;}&#8221;]<\/p>\n<p style=\"text-align: center; color: #005f96; font-size: 0.65em; letter-spacing: 0.1em;\">LAYLA<\/p>\n<p>[\/vc_column_text][\/vc_column][vc_column width=&#8221;1\/6&#8243; offset=&#8221;vc_col-xs-6&#8243;][vc_btn title=&#8221;&#8221; style=&#8221;outline-custom&#8221; outline_custom_color=&#8221;rgba(102,102,102,0.01)&#8221; outline_custom_hover_background=&#8221;rgba(102,102,102,0.01)&#8221; outline_custom_hover_text=&#8221;rgba(255,255,255,0.01)&#8221; shape=&#8221;square&#8221; size=&#8221;lg&#8221; align=&#8221;center&#8221; css=&#8221;.vc_custom_1566926488518{background-image: url(https:\/\/www.dreamingdogs.com.br\/shop\/wp-content\/uploads\/2019\/08\/05-leeloo-2.png?id=3613) !important;background-position: center !important;background-repeat: no-repeat !important;background-size: contain !important;}&#8221; link=&#8221;url:https%3A%2F%2Fwww.dreamingdogs.com.br%2Fshop%2Fleeloo%2F%3Flang%3Den|title:Leeloo|&#8221;][vc_column_text css=&#8221;.vc_custom_1571508378258{margin-top: -18px !important;}&#8221;]<\/p>\n<p style=\"text-align: center; color: #005f96; font-size: 0.65em; letter-spacing: 0.1em;\">LEELOO<\/p>\n<p>[\/vc_column_text][\/vc_column][vc_column width=&#8221;1\/6&#8243; offset=&#8221;vc_col-xs-6&#8243;][vc_btn title=&#8221;&#8221; style=&#8221;outline-custom&#8221; outline_custom_color=&#8221;rgba(102,102,102,0.01)&#8221; outline_custom_hover_background=&#8221;rgba(102,102,102,0.01)&#8221; outline_custom_hover_text=&#8221;rgba(255,255,255,0.01)&#8221; shape=&#8221;square&#8221; size=&#8221;lg&#8221; align=&#8221;center&#8221; css=&#8221;.vc_custom_1566926508984{background-image: url(https:\/\/www.dreamingdogs.com.br\/shop\/wp-content\/uploads\/2019\/08\/06-lollipop-2.png?id=3615) !important;background-position: center !important;background-repeat: no-repeat !important;background-size: contain !important;}&#8221; link=&#8221;url:https%3A%2F%2Fwww.dreamingdogs.com.br%2Fshop%2Flollipop%2F%3Flang%3Den|title:Lollipop|&#8221;][vc_column_text css=&#8221;.vc_custom_1571508387386{margin-top: -18px !important;}&#8221;]<\/p>\n<p style=\"text-align: center; color: #005f96; font-size: 0.65em; letter-spacing: 0.1em;\">LOLLIPOP<\/p>\n<p>[\/vc_column_text][\/vc_column][\/vc_row][vc_row equal_height=&#8221;yes&#8221; content_placement=&#8221;middle&#8221; css_animation=&#8221;fadeIn&#8221; height=&#8221;500px&#8221; type=&#8221;boxed&#8221; css=&#8221;.vc_custom_1579790528914{margin-right: 20px !important;margin-left: 20px !important;}&#8221;][vc_column width=&#8221;5\/12&#8243; css=&#8221;.vc_custom_1565049750829{padding-right: 15% !important;padding-left: 15% !important;}&#8221;][vc_column_text]Leeloo is a ruling pen that has a more classical and traditional design, with curved and rounded edges, very comfortable and ideal for medium size calligraphies.<\/p>\n<p>It can be used for cursive and expressive calligraphies, and also for more traditional styles like humanist and italic.[\/vc_column_text][\/vc_column][vc_column width=&#8221;7\/12&#8243; css=&#8221;.vc_custom_1579790514562{background-position: center !important;background-repeat: no-repeat !important;background-size: cover !important;}&#8221;][vc_single_image image=&#8221;3319&#8243; img_size=&#8221;full&#8221; alignment=&#8221;center&#8221;][\/vc_column][\/vc_row][vc_row equal_height=&#8221;yes&#8221; content_placement=&#8221;middle&#8221; css_animation=&#8221;fadeIn&#8221; height=&#8221;500px&#8221; type=&#8221;boxed&#8221; css=&#8221;.vc_custom_1579790629393{margin-right: 20px !important;margin-left: 20px !important;}&#8221;][vc_column width=&#8221;7\/12&#8243; css=&#8221;.vc_custom_1579790612094{background-position: center !important;background-repeat: no-repeat !important;background-size: cover !important;}&#8221;][vc_single_image image=&#8221;3790&#8243; img_size=&#8221;full&#8221; alignment=&#8221;center&#8221;][\/vc_column][vc_column width=&#8221;5\/12&#8243; css=&#8221;.vc_custom_1565047758462{padding-right: 17% !important;padding-left: 17% !important;background-position: center !important;background-repeat: no-repeat !important;background-size: cover !important;}&#8221;][vc_column_text]When handled in alternative ways, Leeloo presents very expressive results, generating high contrast strokes (thicks and thins), ink splatters and unintended skipping, by changing the gliding inclination and the speed of writing.[\/vc_column_text][\/vc_column][\/vc_row][vc_row type=&#8221;boxed&#8221; css=&#8221;.vc_custom_1616006971997{margin-top: 50px !important;margin-bottom: 50px !important;}&#8221;][vc_column css=&#8221;.vc_custom_1616003919728{background-color: #00669a !important;}&#8221;][vc_column_text css=&#8221;.vc_custom_1616012364043{margin-top: 50px !important;}&#8221;]<\/p>\n<p style=\"text-align: center; color: #fff; font-size: 45px;\">Classic and versatile<\/p>\n<p style=\"text-align: center;\"><span style=\"color: #ffffff;\">Leeloo is a true lady.<br \/>Classic, elegant and well behaved, but very versatile and able to change its concepts quickly&#8230; a lovely ruling pen.<\/span><\/p>\n<p>[\/vc_column_text][vc_video link=&#8221;https:\/\/youtu.be\/Sw4ujCaVbaM&#8221; el_width=&#8221;90&#8243; align=&#8221;center&#8221; css=&#8221;.vc_custom_1616012385948{margin-top: -10px !important;}&#8221;][\/vc_column][\/vc_row][vc_row full_width=&#8221;stretch_row_content_no_spaces&#8221; css=&#8221;.vc_custom_1565723106374{margin-bottom: 100px !important;}&#8221;][vc_column]<style>.shortcode_getbowtied_slider .shortcode-slider-pagination .swiper-pagination-bullet.swiper-pagination-bullet-active:after{background-color: #000000;}<\/style>\n\n\t\t<div class=\"shortcode_getbowtied_slider swiper-container swiper-69ea56455a9a0 full_height\" style=\" width: 100%\" data-autoplay=\"6\" data-id=\"69ea56455a9a0\">\n\t\t\t<div class=\"swiper-wrapper\">\n\t\t\t\n\t\t\t<div class=\"swiper-slide left-align\"\n\t\t\tstyle=\t\"background: #CCCCCC url(https:\/\/www.dreamingdogs.com.br\/shop\/wp-content\/uploads\/2019\/08\/DD-leeloo-calligraphy-03.jpg) center center no-repeat ;\n\t\t\t\t\t-webkit-background-size: cover;\n\t\t\t\t\t-moz-background-size: cover;\n\t\t\t\t\t-o-background-size: cover;\n\t\t\t\t\tbackground-size: cover;\n\t\t\t\t\tcolor: #000000\">\n\t\t\t\t\n\t\t\t\t<div class=\"slider-content\" data-swiper-parallax=\"-50%\">\n\t\t\t\t\t<div class=\"slider-content-wrapper\">\n\t\t\t\t\t\t\n\t\t\t\t\t\t\n\t\t\t\t\t\t\n\t\t\t\t\t<\/div>\n\t\t\t\t<\/div>\n\t\t\t<\/div>\n\t\t\t<div class=\"swiper-slide left-align\"\n\t\t\tstyle=\t\"background: #CCCCCC url(https:\/\/www.dreamingdogs.com.br\/shop\/wp-content\/uploads\/2019\/08\/DD-leeloo-calligraphy-02.jpg) center center no-repeat ;\n\t\t\t\t\t-webkit-background-size: cover;\n\t\t\t\t\t-moz-background-size: cover;\n\t\t\t\t\t-o-background-size: cover;\n\t\t\t\t\tbackground-size: cover;\n\t\t\t\t\tcolor: #000000\">\n\t\t\t\t\n\t\t\t\t<div class=\"slider-content\" data-swiper-parallax=\"-50%\">\n\t\t\t\t\t<div class=\"slider-content-wrapper\">\n\t\t\t\t\t\t\n\t\t\t\t\t\t\n\t\t\t\t\t\t\n\t\t\t\t\t<\/div>\n\t\t\t\t<\/div>\n\t\t\t<\/div>\n\t\t\t<div class=\"swiper-slide left-align\"\n\t\t\tstyle=\t\"background: #CCCCCC url(https:\/\/www.dreamingdogs.com.br\/shop\/wp-content\/uploads\/2019\/08\/DD-leeloo-calligraphy-01.jpg) center center no-repeat ;\n\t\t\t\t\t-webkit-background-size: cover;\n\t\t\t\t\t-moz-background-size: cover;\n\t\t\t\t\t-o-background-size: cover;\n\t\t\t\t\tbackground-size: cover;\n\t\t\t\t\tcolor: #000000\">\n\t\t\t\t\n\t\t\t\t<div class=\"slider-content\" data-swiper-parallax=\"-50%\">\n\t\t\t\t\t<div class=\"slider-content-wrapper\">\n\t\t\t\t\t\t\n\t\t\t\t\t\t\n\t\t\t\t\t\t\n\t\t\t\t\t<\/div>\n\t\t\t\t<\/div>\n\t\t\t<\/div>\n\t\t\t<\/div>\n\t\t\t\t<div style=\"color: #000000\" class=\"swiper-button-prev\"><i class=\"spk-icon spk-icon-left-arrow-thin-large\"><\/i><\/div>\n    \t\t\t<div style=\"color: #000000\" class=\"swiper-button-next\"><i class=\"spk-icon spk-icon-right-arrow-thin-large\"><\/i><\/div>\n\t\t\t\t<div style=\"color: #000000\" class=\"shortcode-slider-pagination\"><\/div><\/div>[\/vc_column][\/vc_row][vc_row full_width=&#8221;stretch_row_content&#8221; full_height=&#8221;yes&#8221; columns_placement=&#8221;bottom&#8221; content_placement=&#8221;bottom&#8221; height=&#8221;700px&#8221; css=&#8221;.vc_custom_1574427411356{border-right-width: 20px !important;border-bottom-width: 20px !important;border-left-width: 20px !important;background-image: url(https:\/\/www.dreamingdogs.com.br\/shop\/wp-content\/uploads\/2019\/08\/DD-leeloo-02-1.jpg?id=3302) !important;background-position: center !important;background-repeat: no-repeat !important;background-size: cover !important;border-left-color: #ffffff !important;border-left-style: solid !important;border-right-color: #ffffff !important;border-right-style: solid !important;border-bottom-color: #ffffff !important;border-bottom-style: solid !important;}&#8221;][vc_column][vc_column_text]<\/p>\n<h3 style=\"text-align: center; color: #fff; font-size: 62px;\">Leeloo<\/h3>\n<p>[\/vc_column_text]<p class=\"product woocommerce add_to_cart_inline \" style=\"border:4px solid #ccc; padding: 12px;\"><span class=\"woocommerce-Price-amount amount\"><bdi><span class=\"woocommerce-Price-currencySymbol\">&#82;&#36;<\/span>155,00<\/bdi><\/span><a href=\"https:\/\/www.dreamingdogs.com.br\/shop\/produto\/leeloo\/\" aria-describedby=\"woocommerce_loop_add_to_cart_link_describedby_120\" data-quantity=\"1\" class=\"button product_type_variable\" data-product_id=\"120\" data-product_sku=\"DD005\" aria-label=\"Selecione as op\u00e7\u00f5es para &ldquo;Leeloo&rdquo;\" rel=\"nofollow\">Ver op\u00e7\u00f5es<\/a>\t<span id=\"woocommerce_loop_add_to_cart_link_describedby_120\" class=\"screen-reader-text\">\n\t\tEste produto tem v\u00e1rias variantes. As op\u00e7\u00f5es podem ser escolhidas na p\u00e1gina do produto\t<\/span>\n<\/p>[\/vc_column][\/vc_row]<\/p>\n<\/div>","protected":false},"excerpt":{"rendered":"<p>[vc_row full_width=&#8221;stretch_row_content&#8221; full_height=&#8221;yes&#8221; content_placement=&#8221;middle&#8221; height=&#8221;700px&#8221; css=&#8221;.vc_custom_1574426178513{border-right-width: 20px !important;border-bottom-width: 20px !important;border-left-width: 20px !important;background-image: url(https:\/\/www.dreamingdogs.com.br\/shop\/wp-content\/uploads\/2019\/08\/DD-leeloo-01-1.jpg?id=3300) !important;background-position: center !important;background-repeat: no-repeat !important;background-size: cover !important;border-left-color: #ffffff !important;border-left-style: solid !important;border-right-color: #ffffff !important;border-right-style: solid !important;border-bottom-color: #ffffff !important;border-bottom-style: solid !important;}&#8221;][vc_column][vc_column_text] Leeloo [\/vc_column_text][\/vc_column][\/vc_row][vc_row content_placement=&#8221;middle&#8221; type=&#8221;boxed&#8221; css=&#8221;.vc_custom_1579790461373{margin-right: 23% !important;margin-left: 23% !important;}&#8221;][vc_column width=&#8221;1\/6&#8243; offset=&#8221;vc_col-xs-6&#8243;][vc_btn title=&#8221;&#8221; style=&#8221;outline-custom&#8221; outline_custom_color=&#8221;rgba(102,102,102,0.01)&#8221; outline_custom_hover_background=&#8221;rgba(102,102,102,0.01)&#8221; outline_custom_hover_text=&#8221;rgba(255,255,255,0.01)&#8221; shape=&#8221;square&#8221; size=&#8221;lg&#8221; align=&#8221;center&#8221; css=&#8221;.vc_custom_1566926422306{background-image: url(https:\/\/www.dreamingdogs.com.br\/shop\/wp-content\/uploads\/2019\/08\/01-sofie-2.png?id=3605) !important;background-position: center [&hellip;]<\/p>\n","protected":false},"author":1,"featured_media":0,"parent":0,"menu_order":0,"comment_status":"closed","ping_status":"closed","template":"page-full-width.php","meta":{"footnotes":""},"class_list":["post-3365","page","type-page","status-publish","hentry"],"_links":{"self":[{"href":"https:\/\/www.dreamingdogs.com.br\/shop\/wp-json\/wp\/v2\/pages\/3365","targetHints":{"allow":["GET"]}}],"collection":[{"href":"https:\/\/www.dreamingdogs.com.br\/shop\/wp-json\/wp\/v2\/pages"}],"about":[{"href":"https:\/\/www.dreamingdogs.com.br\/shop\/wp-json\/wp\/v2\/types\/page"}],"author":[{"embeddable":true,"href":"https:\/\/www.dreamingdogs.com.br\/shop\/wp-json\/wp\/v2\/users\/1"}],"replies":[{"embeddable":true,"href":"https:\/\/www.dreamingdogs.com.br\/shop\/wp-json\/wp\/v2\/comments?post=3365"}],"version-history":[{"count":16,"href":"https:\/\/www.dreamingdogs.com.br\/shop\/wp-json\/wp\/v2\/pages\/3365\/revisions"}],"predecessor-version":[{"id":5070,"href":"https:\/\/www.dreamingdogs.com.br\/shop\/wp-json\/wp\/v2\/pages\/3365\/revisions\/5070"}],"wp:attachment":[{"href":"https:\/\/www.dreamingdogs.com.br\/shop\/wp-json\/wp\/v2\/media?parent=3365"}],"curies":[{"name":"wp","href":"https:\/\/api.w.org\/{rel}","templated":true}]}}