{"id":3521,"date":"2019-08-21T15:27:22","date_gmt":"2019-08-21T18:27:22","guid":{"rendered":"https:\/\/www.dreamingdogs.com.br\/shop\/?page_id=3521"},"modified":"2020-04-23T17:27:52","modified_gmt":"2020-04-23T20:27:52","slug":"faqs-rulingpens","status":"publish","type":"page","link":"https:\/\/www.dreamingdogs.com.br\/shop\/faqs-rulingpens\/","title":{"rendered":"F.A.Q.s"},"content":{"rendered":"<div class=\"wpb-content-wrapper\"><p>[vc_row content_placement=&#8221;top&#8221; type=&#8221;boxed&#8221; css=&#8221;.vc_custom_1587058820798{margin-top: 40px !important;margin-right: 15% !important;margin-left: 15% !important;}&#8221;][vc_column width=&#8221;1\/6&#8243; offset=&#8221;vc_col-xs-6&#8243;][vc_btn title=&#8221;&#8221; style=&#8221;outline-custom&#8221; outline_custom_color=&#8221;rgba(102,102,102,0.01)&#8221; outline_custom_hover_background=&#8221;rgba(102,102,102,0.01)&#8221; outline_custom_hover_text=&#8221;rgba(255,255,255,0.01)&#8221; shape=&#8221;square&#8221; size=&#8221;lg&#8221; align=&#8221;center&#8221; css=&#8221;.vc_custom_1566417760835{background-image: url(https:\/\/www.dreamingdogs.com.br\/shop\/wp-content\/uploads\/2019\/08\/aduana.png?id=3493) !important;background-position: center !important;background-repeat: no-repeat !important;background-size: contain !important;}&#8221; link=&#8221;url:https%3A%2F%2Fwww.dreamingdogs.com.br%2Fshop%2Ffaqs%2F|title:Aduana%20e%20Impostos||&#8221;][vc_column_text css=&#8221;.vc_custom_1585250727535{margin-top: -18px !important;}&#8221;]<\/p>\n<p style=\"text-align: center; color: #005f96; font-size: 0.65em; letter-spacing: 0.1em;\">ADUANA E IMPOSTOS<\/p>\n<p>[\/vc_column_text][\/vc_column][vc_column width=&#8221;1\/6&#8243; offset=&#8221;vc_col-xs-6&#8243;][vc_btn title=&#8221;&#8221; style=&#8221;outline-custom&#8221; outline_custom_color=&#8221;rgba(102,102,102,0.01)&#8221; outline_custom_hover_background=&#8221;rgba(102,102,102,0.01)&#8221; outline_custom_hover_text=&#8221;rgba(255,255,255,0.01)&#8221; shape=&#8221;square&#8221; size=&#8221;lg&#8221; align=&#8221;center&#8221; css=&#8221;.vc_custom_1566417776210{background-image: url(https:\/\/www.dreamingdogs.com.br\/shop\/wp-content\/uploads\/2019\/08\/entrega.png?id=3498) !important;background-position: center !important;background-repeat: no-repeat !important;background-size: contain !important;}&#8221; link=&#8221;url:https%3A%2F%2Fwww.dreamingdogs.com.br%2Fshop%2Ffaqs-entrega%2F|title:Entrega||&#8221;][vc_column_text css=&#8221;.vc_custom_1585250761756{margin-top: -18px !important;}&#8221;]<\/p>\n<p style=\"text-align: center; color: #005f96; font-size: 0.65em; letter-spacing: 0.1em;\">ENTREGA<\/p>\n<p>[\/vc_column_text][\/vc_column][vc_column width=&#8221;1\/6&#8243; offset=&#8221;vc_col-xs-6&#8243;][vc_btn title=&#8221;&#8221; style=&#8221;outline-custom&#8221; outline_custom_color=&#8221;rgba(102,102,102,0.01)&#8221; outline_custom_hover_background=&#8221;rgba(102,102,102,0.01)&#8221; outline_custom_hover_text=&#8221;rgba(255,255,255,0.01)&#8221; shape=&#8221;square&#8221; size=&#8221;lg&#8221; align=&#8221;center&#8221; css=&#8221;.vc_custom_1566417790500{background-image: url(https:\/\/www.dreamingdogs.com.br\/shop\/wp-content\/uploads\/2019\/08\/pagamento.png?id=3500) !important;background-position: center !important;background-repeat: no-repeat !important;background-size: contain !important;}&#8221; link=&#8221;url:https%3A%2F%2Fwww.dreamingdogs.com.br%2Fshop%2Ffaqs-pagamento%2F|title:Pagamento||&#8221;][vc_column_text css=&#8221;.vc_custom_1585250786449{margin-top: -18px !important;}&#8221;]<\/p>\n<p style=\"text-align: center; color: #005f96; font-size: 0.65em; letter-spacing: 0.1em;\">PAGAMENTO<\/p>\n<p>[\/vc_column_text][\/vc_column][vc_column width=&#8221;1\/6&#8243; offset=&#8221;vc_col-xs-6&#8243;][vc_btn title=&#8221;&#8221; style=&#8221;outline-custom&#8221; outline_custom_color=&#8221;rgba(102,102,102,0.01)&#8221; outline_custom_hover_background=&#8221;rgba(102,102,102,0.01)&#8221; outline_custom_hover_text=&#8221;rgba(255,255,255,0.01)&#8221; shape=&#8221;square&#8221; size=&#8221;lg&#8221; align=&#8221;center&#8221; css=&#8221;.vc_custom_1566417802021{background-image: url(https:\/\/www.dreamingdogs.com.br\/shop\/wp-content\/uploads\/2019\/08\/ruling-pens.png?id=3505) !important;background-position: center !important;background-repeat: no-repeat !important;background-size: contain !important;}&#8221; link=&#8221;url:https%3A%2F%2Fwww.dreamingdogs.com.br%2Fshop%2Ffaqs-rulingpens%2F|title:Ruling%20pens||&#8221;][vc_column_text css=&#8221;.vc_custom_1585250800920{margin-top: -18px !important;}&#8221;]<\/p>\n<p style=\"text-align: center; color: #005f96; font-size: 0.65em; letter-spacing: 0.1em;\">RULING PENS<\/p>\n<p>[\/vc_column_text][\/vc_column][vc_column width=&#8221;1\/6&#8243; offset=&#8221;vc_col-xs-6&#8243;][vc_btn title=&#8221;&#8221; style=&#8221;outline-custom&#8221; outline_custom_color=&#8221;rgba(102,102,102,0.01)&#8221; outline_custom_hover_background=&#8221;rgba(102,102,102,0.01)&#8221; outline_custom_hover_text=&#8221;rgba(255,255,255,0.01)&#8221; shape=&#8221;square&#8221; size=&#8221;lg&#8221; align=&#8221;center&#8221; css=&#8221;.vc_custom_1566417820017{background-image: url(https:\/\/www.dreamingdogs.com.br\/shop\/wp-content\/uploads\/2019\/08\/devolucoes.png?id=3496) !important;background-position: center !important;background-repeat: no-repeat !important;background-size: contain !important;}&#8221; link=&#8221;url:https%3A%2F%2Fwww.dreamingdogs.com.br%2Fshop%2Ffaqs-trocas%2F|title:Trocas%20e%20devolu%C3%A7%C3%B5es||&#8221;][vc_column_text css=&#8221;.vc_custom_1585250845986{margin-top: -18px !important;}&#8221;]<\/p>\n<p style=\"text-align: center; color: #005f96; font-size: 0.65em; letter-spacing: 0.1em;\">TROCAS E DEVOLU\u00c7\u00d5ES<\/p>\n<p>[\/vc_column_text][\/vc_column][vc_column width=&#8221;1\/6&#8243; offset=&#8221;vc_col-xs-6&#8243;][vc_btn title=&#8221;&#8221; style=&#8221;outline-custom&#8221; outline_custom_color=&#8221;rgba(102,102,102,0.01)&#8221; outline_custom_hover_background=&#8221;rgba(102,102,102,0.01)&#8221; outline_custom_hover_text=&#8221;rgba(255,255,255,0.01)&#8221; shape=&#8221;square&#8221; size=&#8221;lg&#8221; align=&#8221;center&#8221; css=&#8221;.vc_custom_1585251939723{background-image: url(https:\/\/www.dreamingdogs.com.br\/shop\/wp-content\/uploads\/2020\/03\/privacidade.png?id=4735) !important;background-position: center !important;background-repeat: no-repeat !important;background-size: contain !important;}&#8221; link=&#8221;url:https%3A%2F%2Fwww.dreamingdogs.com.br%2Fshop%2Ffaqs-privacidade%2F|title:Trocas%20e%20devolu%C3%A7%C3%B5es||&#8221;][vc_column_text css=&#8221;.vc_custom_1585250869333{margin-top: -18px !important;}&#8221;]<\/p>\n<p style=\"text-align: center; color: #005f96; font-size: 0.65em; letter-spacing: 0.1em;\">PRIVACIDADE<\/p>\n<p>[\/vc_column_text][\/vc_column][\/vc_row][vc_row type=&#8221;boxed&#8221; background_style=&#8221;normal&#8221; css=&#8221;.vc_custom_1586979108364{margin-top: 15px !important;padding-right: 50px !important;padding-left: 50px !important;}&#8221;][vc_column width=&#8221;1\/12&#8243;][\/vc_column][vc_column width=&#8221;10\/12&#8243;][vc_column_text]<\/p>\n<h3><span style=\"color: #005f96;\"><strong>Estilos de caligrafia para pr\u00e1tica<\/strong><\/span><\/h3>\n<p>[\/vc_column_text][vc_row_inner][vc_column_inner css=&#8221;.vc_custom_1586978775569{padding-right: 5% !important;padding-left: 10px !important;}&#8221;][vc_column_text]Aqui est\u00e3o alguns exemplos de estilos de escrita mais tradicionais para se exercitar a pr\u00e1tica da caligrafia.<br \/>\nA partir deles, com o dom\u00ednio das suas bases, voc\u00ea poder\u00e1 trabalhar e criar caligrafias expressivas.[\/vc_column_text][\/vc_column_inner][\/vc_row_inner][\/vc_column][vc_column width=&#8221;1\/12&#8243;][\/vc_column][\/vc_row][vc_row content_placement=&#8221;top&#8221; type=&#8221;boxed&#8221; css=&#8221;.vc_custom_1587059171963{margin-right: 15% !important;margin-left: 15% !important;}&#8221;][vc_column width=&#8221;1\/6&#8243; offset=&#8221;vc_col-xs-6&#8243;][vc_btn title=&#8221;&#8221; style=&#8221;outline-custom&#8221; outline_custom_color=&#8221;rgba(102,102,102,0.01)&#8221; outline_custom_hover_background=&#8221;rgba(102,102,102,0.01)&#8221; outline_custom_hover_text=&#8221;rgba(255,255,255,0.01)&#8221; shape=&#8221;square&#8221; size=&#8221;lg&#8221; align=&#8221;center&#8221; css=&#8221;.vc_custom_1586884594057{background-image: url(https:\/\/www.dreamingdogs.com.br\/shop\/wp-content\/uploads\/2020\/04\/01-icone-fundamental.png?id=4796) !important;background-position: center !important;background-repeat: no-repeat !important;background-size: contain !important;}&#8221; link=&#8221;url:https%3A%2F%2Fwww.dreamingdogs.com.br%2Fshop%2Fwp-content%2Fuploads%2F2020%2F04%2Fpractice-sheet-foundational.pdf|||&#8221;][vc_column_text css=&#8221;.vc_custom_1586883812644{margin-top: -18px !important;}&#8221;]<\/p>\n<p style=\"text-align: center; color: #000; font-size: 0.65em; letter-spacing: 0.1em;\">FUNDAMENTAL<\/p>\n<p>[\/vc_column_text][\/vc_column][vc_column width=&#8221;1\/6&#8243; offset=&#8221;vc_col-xs-6&#8243;][vc_btn title=&#8221;&#8221; style=&#8221;outline-custom&#8221; outline_custom_color=&#8221;rgba(102,102,102,0.01)&#8221; outline_custom_hover_background=&#8221;rgba(102,102,102,0.01)&#8221; outline_custom_hover_text=&#8221;rgba(255,255,255,0.01)&#8221; shape=&#8221;square&#8221; size=&#8221;lg&#8221; align=&#8221;center&#8221; css=&#8221;.vc_custom_1587059855527{background-image: url(https:\/\/www.dreamingdogs.com.br\/shop\/wp-content\/uploads\/2020\/04\/02-icone-humanista.png?id=4798) !important;background-position: center !important;background-repeat: no-repeat !important;background-size: contain !important;}&#8221; link=&#8221;url:https%3A%2F%2Fwww.dreamingdogs.com.br%2Fshop%2Fwp-content%2Fuploads%2F2020%2F04%2Fpractice-sheet-humanist.pdf|||&#8221;][vc_column_text css=&#8221;.vc_custom_1587059266853{margin-top: -18px !important;}&#8221;]<\/p>\n<p style=\"text-align: center; color: #000; font-size: 0.65em; letter-spacing: 0.1em;\">HUMANISTA<\/p>\n<p>[\/vc_column_text][\/vc_column][vc_column width=&#8221;1\/6&#8243; offset=&#8221;vc_col-xs-6&#8243;][vc_btn title=&#8221;&#8221; style=&#8221;outline-custom&#8221; outline_custom_color=&#8221;rgba(102,102,102,0.01)&#8221; outline_custom_hover_background=&#8221;rgba(102,102,102,0.01)&#8221; outline_custom_hover_text=&#8221;rgba(255,255,255,0.01)&#8221; shape=&#8221;square&#8221; size=&#8221;lg&#8221; align=&#8221;center&#8221; css=&#8221;.vc_custom_1587143689792{background-image: url(https:\/\/www.dreamingdogs.com.br\/shop\/wp-content\/uploads\/2020\/04\/03-icone-italica-1.png?id=4834) !important;background-position: center !important;background-repeat: no-repeat !important;background-size: contain !important;}&#8221; link=&#8221;url:https%3A%2F%2Fwww.dreamingdogs.com.br%2Fshop%2Fwp-content%2Fuploads%2F2020%2F04%2Fpractice-sheet-italic.pdf|||&#8221;][vc_column_text css=&#8221;.vc_custom_1587143717804{margin-top: -18px !important;}&#8221;]<\/p>\n<p style=\"text-align: center; color: #000; font-size: 0.65em; letter-spacing: 0.1em;\">IT\u00c1LICA<\/p>\n<p>[\/vc_column_text][\/vc_column][vc_column width=&#8221;1\/6&#8243; offset=&#8221;vc_col-xs-6&#8243;][vc_btn title=&#8221;&#8221; style=&#8221;outline-custom&#8221; outline_custom_color=&#8221;rgba(102,102,102,0.01)&#8221; outline_custom_hover_background=&#8221;rgba(102,102,102,0.01)&#8221; outline_custom_hover_text=&#8221;rgba(255,255,255,0.01)&#8221; shape=&#8221;square&#8221; size=&#8221;lg&#8221; align=&#8221;center&#8221; css=&#8221;.vc_custom_1587405700344{background-image: url(https:\/\/www.dreamingdogs.com.br\/shop\/wp-content\/uploads\/2020\/04\/04-icone-quadrata.png?id=4802) !important;background-position: center !important;background-repeat: no-repeat !important;background-size: contain !important;}&#8221; link=&#8221;url:https%3A%2F%2Fwww.dreamingdogs.com.br%2Fshop%2Fwp-content%2Fuploads%2F2020%2F04%2Fpractice-sheet-textura.pdf|||&#8221;][vc_column_text css=&#8221;.vc_custom_1587405656973{margin-top: -18px !important;}&#8221;]<\/p>\n<p style=\"text-align: center; color: #000; font-size: 0.65em; letter-spacing: 0.1em;\">TEXTURA QUADRATA<\/p>\n<p>[\/vc_column_text][\/vc_column][vc_column width=&#8221;1\/6&#8243; offset=&#8221;vc_col-xs-6&#8243;][vc_btn title=&#8221;&#8221; style=&#8221;outline-custom&#8221; outline_custom_color=&#8221;rgba(102,102,102,0.01)&#8221; outline_custom_hover_background=&#8221;rgba(102,102,102,0.01)&#8221; outline_custom_hover_text=&#8221;rgba(255,255,255,0.01)&#8221; shape=&#8221;square&#8221; size=&#8221;lg&#8221; align=&#8221;center&#8221; css=&#8221;.vc_custom_1587578296031{background-image: url(https:\/\/www.dreamingdogs.com.br\/shop\/wp-content\/uploads\/2020\/04\/05-icone-fraktur.png?id=4804) !important;background-position: center !important;background-repeat: no-repeat !important;background-size: contain !important;}&#8221; link=&#8221;url:https%3A%2F%2Fwww.dreamingdogs.com.br%2Fshop%2Fwp-content%2Fuploads%2F2020%2F04%2Fpractice-sheet-fraktur.pdf|||&#8221;][vc_column_text css=&#8221;.vc_custom_1587578199126{margin-top: -18px !important;}&#8221;]<\/p>\n<p style=\"text-align: center; color: #000; font-size: 0.65em; letter-spacing: 0.1em;\">FRAKTUR<\/p>\n<p>[\/vc_column_text][\/vc_column][vc_column width=&#8221;1\/6&#8243; offset=&#8221;vc_col-xs-6&#8243;][vc_btn title=&#8221;&#8221; style=&#8221;outline-custom&#8221; outline_custom_color=&#8221;rgba(102,102,102,0.01)&#8221; outline_custom_hover_background=&#8221;rgba(102,102,102,0.01)&#8221; outline_custom_hover_text=&#8221;rgba(255,255,255,0.01)&#8221; shape=&#8221;square&#8221; size=&#8221;lg&#8221; align=&#8221;center&#8221; css=&#8221;.vc_custom_1587673663007{background-image: url(https:\/\/www.dreamingdogs.com.br\/shop\/wp-content\/uploads\/2020\/04\/06-icone-script.png?id=4806) !important;background-position: center !important;background-repeat: no-repeat !important;background-size: contain !important;}&#8221; link=&#8221;url:https%3A%2F%2Fwww.dreamingdogs.com.br%2Fshop%2Fwp-content%2Fuploads%2F2020%2F04%2Fpractice-sheet-script.pdf|||&#8221;][vc_column_text css=&#8221;.vc_custom_1587673631491{margin-top: -18px !important;}&#8221;]<\/p>\n<p style=\"text-align: center; color: #000; font-size: 0.65em; letter-spacing: 0.1em;\">SCRIPT<\/p>\n<p>[\/vc_column_text][\/vc_column][\/vc_row][vc_row type=&#8221;boxed&#8221; background_style=&#8221;normal&#8221; css=&#8221;.vc_custom_1566418406523{margin-top: 15px !important;padding-right: 50px !important;padding-left: 50px !important;}&#8221;][vc_column width=&#8221;1\/12&#8243;][\/vc_column][vc_column width=&#8221;10\/12&#8243;][vc_column_text]<\/p>\n<h3><span style=\"color: #005f96;\"><strong>Ruling pens<\/strong><\/span><\/h3>\n<p>[\/vc_column_text][vc_row_inner css=&#8221;.vc_custom_1410358939666{margin-bottom: 20px !important;}&#8221;][vc_column_inner width=&#8221;1\/2&#8243; css=&#8221;.vc_custom_1443415906747{padding-right: 5% !important;padding-left: 10px !important;}&#8221;][vc_column_text]<span style=\"font-weight: bold; color: #005f96;\">Preciso ter experi\u00eancia com caligrafia para usar as ruling pens?<\/span><br \/>\nQualquer interessado pode utiliz\u00e1-las, tanto para escritas como para desenhos e ilustra\u00e7\u00f5es. As ruling pens Dreaming Dogs s\u00e3o ferramentas expressivas, de uso profissional, no que diz respeito ao seu projeto e aos materiais empregados na sua constru\u00e7\u00e3o, mas elas apresentam um sistema de funcionamento muito simples e s\u00e3o de f\u00e1cil manuseio. Voc\u00ea pode come\u00e7ar rabiscando, experimentando, descobrindo novos recursos, e aos poucos, ir aprimorando seus conhecimentos por meio da pr\u00e1tica e do estudo.[\/vc_column_text][vc_column_text]<span style=\"font-weight: bold; color: #005f96;\">Onde posso encontrar mais informa\u00e7\u00f5es de uso das ruling pens?<\/span><br \/>\nEm nosso site voc\u00ea encontra v\u00eddeos demonstrativos com cada um dos modelos de ruling pens Dreaming Dogs. Voc\u00ea tamb\u00e9m pode encontrar mais informa\u00e7\u00f5es consultando materiais online, livros sobre caligrafia expressiva, e ainda, aperfei\u00e7oar a sua t\u00e9cnica frequentando aulas e cursos presenciais com profissionais da \u00e1rea.<br \/>\nAl\u00e9m disso, voc\u00ea pode acessar nosso manual online, dispon\u00edvel <a href=\"https:\/\/www.dreamingdogs.com.br\/shop\/wp-content\/uploads\/2020\/03\/dd-manual-2020.pdf\">aqui<\/a>.[\/vc_column_text][\/vc_column_inner][vc_column_inner width=&#8221;1\/2&#8243; css=&#8221;.vc_custom_1443415917948{padding-right: 5% !important;padding-left: 10px !important;}&#8221;][vc_column_text]<span style=\"font-weight: bold; color: #005f96;\">Posso escolher a cor dos cabos das minhas ruling pens?<\/span><br \/>\nA madeira utilizada prov\u00e9m do excedente da ind\u00fastria moveleira e do reaproveitamento de madeiras antigas, como m\u00f3veis, aberturas e outros objetos, no intuito de causar o menor dano poss\u00edvel ao meio ambiente. Ainda assim, s\u00e3o selecionadas apenas madeiras de qualidade superior e que atendam \u00e0s necessidades de uso da ferramenta.<br \/>\nComo s\u00e3o utilizados tipos diferentes de madeira, conforme a disponibilidade da mat\u00e9ria prima, os cabos apresentam sempre algumas varia\u00e7\u00f5es de cor e textura entre si, o que torna cada pe\u00e7a \u00fanica. Assim, os conjuntos s\u00e3o formados por madeiras de cores semelhantes e voc\u00ea poder\u00e1 escolher entre tr\u00eas categorias: cabos claros, m\u00e9dios ou escuros.[\/vc_column_text][vc_column_text]<span style=\"font-weight: bold; color: #005f96;\">Quais tintas voc\u00ea recomenda?<\/span><br \/>\nTintas a base de \u00e1gua. Voc\u00ea pode utilizar tintas de viscosidades diferentes como nanquim, aquarela ou uma guache dilu\u00edda, apenas ajustando o parafuso e a abertura da pena. Para tintas mais l\u00edquidas use as pontas mais fechadas, para tintas mais viscosas use as pontas mais abertas. Cuidado ao utilizar tintas de composi\u00e7\u00e3o acr\u00edlica, pois elas tendem a aderir mais facilmente, dificultando a sua remo\u00e7\u00e3o e deixando res\u00edduos na ferramenta.[\/vc_column_text][\/vc_column_inner][\/vc_row_inner][\/vc_column][vc_column width=&#8221;1\/12&#8243;][\/vc_column][\/vc_row]<\/p>\n<\/div>","protected":false},"excerpt":{"rendered":"<p>[vc_row content_placement=&#8221;top&#8221; type=&#8221;boxed&#8221; css=&#8221;.vc_custom_1587058820798{margin-top: 40px !important;margin-right: 15% !important;margin-left: 15% !important;}&#8221;][vc_column width=&#8221;1\/6&#8243; offset=&#8221;vc_col-xs-6&#8243;][vc_btn title=&#8221;&#8221; style=&#8221;outline-custom&#8221; outline_custom_color=&#8221;rgba(102,102,102,0.01)&#8221; outline_custom_hover_background=&#8221;rgba(102,102,102,0.01)&#8221; outline_custom_hover_text=&#8221;rgba(255,255,255,0.01)&#8221; shape=&#8221;square&#8221; size=&#8221;lg&#8221; align=&#8221;center&#8221; css=&#8221;.vc_custom_1566417760835{background-image: url(https:\/\/www.dreamingdogs.com.br\/shop\/wp-content\/uploads\/2019\/08\/aduana.png?id=3493) !important;background-position: center !important;background-repeat: no-repeat !important;background-size: contain !important;}&#8221; link=&#8221;url:https%3A%2F%2Fwww.dreamingdogs.com.br%2Fshop%2Ffaqs%2F|title:Aduana%20e%20Impostos||&#8221;][vc_column_text css=&#8221;.vc_custom_1585250727535{margin-top: -18px !important;}&#8221;] ADUANA E IMPOSTOS [\/vc_column_text][\/vc_column][vc_column width=&#8221;1\/6&#8243; offset=&#8221;vc_col-xs-6&#8243;][vc_btn title=&#8221;&#8221; style=&#8221;outline-custom&#8221; outline_custom_color=&#8221;rgba(102,102,102,0.01)&#8221; outline_custom_hover_background=&#8221;rgba(102,102,102,0.01)&#8221; outline_custom_hover_text=&#8221;rgba(255,255,255,0.01)&#8221; shape=&#8221;square&#8221; size=&#8221;lg&#8221; align=&#8221;center&#8221; css=&#8221;.vc_custom_1566417776210{background-image: url(https:\/\/www.dreamingdogs.com.br\/shop\/wp-content\/uploads\/2019\/08\/entrega.png?id=3498) !important;background-position: center !important;background-repeat: no-repeat !important;background-size: contain [&hellip;]<\/p>\n","protected":false},"author":1,"featured_media":0,"parent":0,"menu_order":0,"comment_status":"closed","ping_status":"closed","template":"page-full-width.php","meta":{"footnotes":""},"class_list":["post-3521","page","type-page","status-publish","hentry"],"_links":{"self":[{"href":"https:\/\/www.dreamingdogs.com.br\/shop\/wp-json\/wp\/v2\/pages\/3521","targetHints":{"allow":["GET"]}}],"collection":[{"href":"https:\/\/www.dreamingdogs.com.br\/shop\/wp-json\/wp\/v2\/pages"}],"about":[{"href":"https:\/\/www.dreamingdogs.com.br\/shop\/wp-json\/wp\/v2\/types\/page"}],"author":[{"embeddable":true,"href":"https:\/\/www.dreamingdogs.com.br\/shop\/wp-json\/wp\/v2\/users\/1"}],"replies":[{"embeddable":true,"href":"https:\/\/www.dreamingdogs.com.br\/shop\/wp-json\/wp\/v2\/comments?post=3521"}],"version-history":[{"count":24,"href":"https:\/\/www.dreamingdogs.com.br\/shop\/wp-json\/wp\/v2\/pages\/3521\/revisions"}],"predecessor-version":[{"id":4846,"href":"https:\/\/www.dreamingdogs.com.br\/shop\/wp-json\/wp\/v2\/pages\/3521\/revisions\/4846"}],"wp:attachment":[{"href":"https:\/\/www.dreamingdogs.com.br\/shop\/wp-json\/wp\/v2\/media?parent=3521"}],"curies":[{"name":"wp","href":"https:\/\/api.w.org\/{rel}","templated":true}]}}