{"id":4081,"date":"2019-11-21T22:38:52","date_gmt":"2019-11-22T01:38:52","guid":{"rendered":"https:\/\/www.dreamingdogs.com.br\/shop\/home-2\/"},"modified":"2025-07-07T15:29:08","modified_gmt":"2025-07-07T18:29:08","slug":"home-2","status":"publish","type":"page","link":"https:\/\/www.dreamingdogs.com.br\/shop\/home-2\/?lang=en","title":{"rendered":"Home"},"content":{"rendered":"<div class=\"wpb-content-wrapper\"><p>[vc_row full_width=&#8221;stretch_row_content_no_spaces&#8221; full_height=&#8221;yes&#8221; content_placement=&#8221;middle&#8221; video_bg=&#8221;yes&#8221; video_bg_url=&#8221;https:\/\/www.youtube.com\/watch?v=HCBetACtpj0&amp;feature=youtu.be&#8221;][vc_column][\/vc_column][\/vc_row][vc_row full_width=&#8221;stretch_row_content&#8221; css=&#8221;.vc_custom_1606853550204{margin-top: 80px !important;border-right-width: 10px !important;border-left-width: 10px !important;border-left-color: #ffffff !important;border-right-color: #ffffff !important;}&#8221;][vc_column css_animation=&#8221;fadeIn&#8221;][vc_column_text]<\/p>\n<p style=\"text-align: center; font-size: 26pt; font-weight: bold; line-height: 1.1; color: #000;\">We are the Dreaming Dogs.<\/p>\n<p style=\"text-align: center; font-size: 26pt; font-weight: bold; line-height: 1.1; color: #000;\">Our dogs taught us how to live<br \/>\nso we show them how to dream.[\/vc_column_text][\/vc_column][\/vc_row][vc_row full_width=&#8221;stretch_row_content&#8221; css=&#8221;.vc_custom_1579890079969{margin-top: 50px !important;border-right-width: 10px !important;border-left-width: 10px !important;border-left-color: #ffffff !important;border-left-style: solid !important;border-right-color: #ffffff !important;border-right-style: solid !important;}&#8221;][vc_column]<style>.shortcode_getbowtied_slider .shortcode-slider-pagination .swiper-pagination-bullet.swiper-pagination-bullet-active:after{background-color: #ffffff;}<\/style>\n\n\t\t<div class=\"shortcode_getbowtied_slider swiper-container swiper-69ea5699d37b7 \" style=\"height:650px; width: 100%\" data-autoplay=\"5\" data-id=\"69ea5699d37b7\">\n\t\t\t<div class=\"swiper-wrapper\">\n\t\t\t\n\t\t\t<div class=\"swiper-slide center-align\"\n\t\t\tstyle=\t\"background: #CCCCCC url(https:\/\/www.dreamingdogs.com.br\/shop\/wp-content\/uploads\/2021\/01\/01-embalagem.jpg) center center no-repeat ;\n\t\t\t\t\t-webkit-background-size: cover;\n\t\t\t\t\t-moz-background-size: cover;\n\t\t\t\t\t-o-background-size: cover;\n\t\t\t\t\tbackground-size: cover;\n\t\t\t\t\tcolor: #ffffff\">\n\t\t\t\t\n\t\t\t\t<div class=\"slider-content\" data-swiper-parallax=\"-50%\">\n\t\t\t\t\t<div class=\"slider-content-wrapper\">\n\t\t\t\t\t\t<h2 class=\"primary_font\" style=\"color:#ffffff;font-size:68px;line-height: 68px\">Ruling pens&#039; set<\/h2>\n\t\t\t\t\t\t<p class=\"primary_font\" style=\"color:#ffffff;font-size:18px;line-height: 18px\">Brand new packaging<\/p>\n\t\t\t\t\t\t\n\t\t\t\t\t<\/div>\n\t\t\t\t<\/div>\n\t\t\t<\/div>\n\t\t\t<div class=\"swiper-slide right-align\"\n\t\t\tstyle=\t\"background: #CCCCCC url(https:\/\/www.dreamingdogs.com.br\/shop\/wp-content\/uploads\/2021\/01\/02-embalagem.jpg) center center no-repeat ;\n\t\t\t\t\t-webkit-background-size: cover;\n\t\t\t\t\t-moz-background-size: cover;\n\t\t\t\t\t-o-background-size: cover;\n\t\t\t\t\tbackground-size: cover;\n\t\t\t\t\tcolor: #ffffff\">\n\t\t\t\t\n\t\t\t\t<div class=\"slider-content\" data-swiper-parallax=\"-50%\">\n\t\t\t\t\t<div class=\"slider-content-wrapper\">\n\t\t\t\t\t\t\n\t\t\t\t\t\t\n\t\t\t\t\t\t\n\t\t\t\t\t<\/div>\n\t\t\t\t<\/div>\n\t\t\t<\/div>\n\t\t\t<div class=\"swiper-slide right-align\"\n\t\t\tstyle=\t\"background: rgba(0,0,0,0.01) url(https:\/\/www.dreamingdogs.com.br\/shop\/wp-content\/uploads\/2021\/01\/03-embalagem.jpg) center center no-repeat ;\n\t\t\t\t\t-webkit-background-size: cover;\n\t\t\t\t\t-moz-background-size: cover;\n\t\t\t\t\t-o-background-size: cover;\n\t\t\t\t\tbackground-size: cover;\n\t\t\t\t\tcolor: #ffffff\">\n\t\t\t\t\n\t\t\t\t<div class=\"slider-content\" data-swiper-parallax=\"-50%\">\n\t\t\t\t\t<div class=\"slider-content-wrapper\">\n\t\t\t\t\t\t\n\t\t\t\t\t\t\n\t\t\t\t\t\t\n\t\t\t\t\t<\/div>\n\t\t\t\t<\/div>\n\t\t\t<\/div>\n\t\t\t<\/div>\n\t\t\t\t<div style=\"color: #ffffff\" class=\"shortcode-slider-pagination\"><\/div><\/div>[\/vc_column][\/vc_row][vc_row full_width=&#8221;stretch_row_content&#8221; gap=&#8221;20&#8243; equal_height=&#8221;yes&#8221; css_animation=&#8221;fadeIn&#8221; type=&#8221;boxed&#8221; css=&#8221;.vc_custom_1606855100334{margin-bottom: 50px !important;}&#8221;][vc_column css=&#8221;.vc_custom_1564692940604{background-position: center !important;background-repeat: no-repeat !important;background-size: cover !important;}&#8221;][vc_column_text]<\/p>\n<h2 style=\"text-align: center; color: #000; font-weight: bold;\">Best sellers<\/h2>\n<p>[\/vc_column_text][vc_column_text css=&#8221;.vc_custom_1606854453737{margin-top: -30px !important;}&#8221;]<\/p>\n<p style=\"text-align: center; font-size: 14pt;\">Everyone is looking for\u2026<\/p>\n<p>[\/vc_column_text]<div class=\"woocommerce columns-3 \"><ul class=\"products columns-3\">\n<li class=\"product type-product post-402 status-publish first outofstock product_cat-ruling-pens has-post-thumbnail shipping-taxable purchasable product-type-variable\">\r\n\r\n\t\r\n    <div class=\"product_thumbnail_wrapper outofstock\">\r\n\r\n\t\t<a href=\"https:\/\/www.dreamingdogs.com.br\/shop\/produto\/kit-de-ruling-pens-estojo-fifo\/\" class=\"woocommerce-LoopProduct-link woocommerce-loop-product__link\">\r\n\r\n\t        <div class=\"product_thumbnail \">\r\n\t            <img loading=\"lazy\" decoding=\"async\" width=\"400\" height=\"400\" src=\"https:\/\/www.dreamingdogs.com.br\/shop\/wp-content\/uploads\/2017\/07\/dd-kit-fifo-00-400x400.jpg\" class=\"attachment-woocommerce_thumbnail size-woocommerce_thumbnail\" alt=\"Kit de Ruling Pens + Estojo Fifo\" srcset=\"https:\/\/www.dreamingdogs.com.br\/shop\/wp-content\/uploads\/2017\/07\/dd-kit-fifo-00-400x400.jpg 400w, https:\/\/www.dreamingdogs.com.br\/shop\/wp-content\/uploads\/2017\/07\/dd-kit-fifo-00-300x300.jpg 300w, https:\/\/www.dreamingdogs.com.br\/shop\/wp-content\/uploads\/2017\/07\/dd-kit-fifo-00-1024x1024.jpg 1024w, https:\/\/www.dreamingdogs.com.br\/shop\/wp-content\/uploads\/2017\/07\/dd-kit-fifo-00-150x150.jpg 150w, https:\/\/www.dreamingdogs.com.br\/shop\/wp-content\/uploads\/2017\/07\/dd-kit-fifo-00-768x768.jpg 768w, https:\/\/www.dreamingdogs.com.br\/shop\/wp-content\/uploads\/2017\/07\/dd-kit-fifo-00-800x800.jpg 800w, https:\/\/www.dreamingdogs.com.br\/shop\/wp-content\/uploads\/2017\/07\/dd-kit-fifo-00-100x100.jpg 100w, https:\/\/www.dreamingdogs.com.br\/shop\/wp-content\/uploads\/2017\/07\/dd-kit-fifo-00.jpg 1300w\" sizes=\"auto, (max-width: 400px) 100vw, 400px\" \/>\t            \t        <\/div><!--.product_thumbnail-->\r\n\t\t<\/a>\r\n\r\n\t\t\t\t\t\t\t\t\t<div class=\"out_of_stock_badge_loop\">\r\n\t\t\t\t\tOut of stock\t\t\t\t<\/div>\r\n\t\t\t\t\t\r\n\t\t\r\n\t\t\r\n\t\t\r\n    <\/div><!--.product_thumbnail_wrapper-->\r\n\r\n    \r\n\t<h2 class=\"woocommerce-loop-product__title\">\r\n\t\t<a href=\"https:\/\/www.dreamingdogs.com.br\/shop\/produto\/kit-de-ruling-pens-estojo-fifo\/\">Kit de Ruling Pens + Estojo Fifo<\/a>\r\n\t<\/h2>\r\n\r\n\t\r\n        <div class=\"product_after_shop_loop\">\r\n        <div class=\"product_after_shop_loop_switcher\">\r\n    \r\n            \n\t<span class=\"price\"><span class=\"woocommerce-Price-amount amount\"><bdi><span class=\"woocommerce-Price-currencySymbol\">&#82;&#36;<\/span>705,00<\/bdi><\/span><\/span>\n<a href=\"https:\/\/www.dreamingdogs.com.br\/shop\/produto\/kit-de-ruling-pens-estojo-fifo\/\" aria-describedby=\"woocommerce_loop_add_to_cart_link_describedby_402\" data-quantity=\"1\" class=\"button product_type_variable\" data-product_id=\"402\" data-product_sku=\"DD011\" aria-label=\"Selecione as op\u00e7\u00f5es para &ldquo;Kit de Ruling Pens + Estojo Fifo&rdquo;\" rel=\"nofollow\">Ver op\u00e7\u00f5es<\/a>\t<span id=\"woocommerce_loop_add_to_cart_link_describedby_402\" class=\"screen-reader-text\">\n\t\tEste produto tem v\u00e1rias variantes. As op\u00e7\u00f5es podem ser escolhidas na p\u00e1gina do produto\t<\/span>\n\r\n            <\/div>\r\n    <\/div>\r\n    \r\n\t\r\n<\/li>\r\n<li class=\"product type-product post-120 status-publish outofstock product_cat-ruling-pens has-post-thumbnail shipping-taxable purchasable product-type-variable\">\r\n\r\n\t\r\n    <div class=\"product_thumbnail_wrapper outofstock\">\r\n\r\n\t\t<a href=\"https:\/\/www.dreamingdogs.com.br\/shop\/produto\/leeloo\/\" class=\"woocommerce-LoopProduct-link woocommerce-loop-product__link\">\r\n\r\n\t        <div class=\"product_thumbnail \">\r\n\t            <img loading=\"lazy\" decoding=\"async\" width=\"400\" height=\"400\" src=\"https:\/\/www.dreamingdogs.com.br\/shop\/wp-content\/uploads\/2017\/06\/dd-leeloo-400x400.jpg\" class=\"attachment-woocommerce_thumbnail size-woocommerce_thumbnail\" alt=\"Leeloo\" srcset=\"https:\/\/www.dreamingdogs.com.br\/shop\/wp-content\/uploads\/2017\/06\/dd-leeloo-400x400.jpg 400w, https:\/\/www.dreamingdogs.com.br\/shop\/wp-content\/uploads\/2017\/06\/dd-leeloo-150x150.jpg 150w, https:\/\/www.dreamingdogs.com.br\/shop\/wp-content\/uploads\/2017\/06\/dd-leeloo-300x300.jpg 300w, https:\/\/www.dreamingdogs.com.br\/shop\/wp-content\/uploads\/2017\/06\/dd-leeloo-768x768.jpg 768w, https:\/\/www.dreamingdogs.com.br\/shop\/wp-content\/uploads\/2017\/06\/dd-leeloo-1024x1024.jpg 1024w, https:\/\/www.dreamingdogs.com.br\/shop\/wp-content\/uploads\/2017\/06\/dd-leeloo-800x800.jpg 800w, https:\/\/www.dreamingdogs.com.br\/shop\/wp-content\/uploads\/2017\/06\/dd-leeloo-100x100.jpg 100w\" sizes=\"auto, (max-width: 400px) 100vw, 400px\" \/>\t            \t        <\/div><!--.product_thumbnail-->\r\n\t\t<\/a>\r\n\r\n\t\t\t\t\t\t\t\t\t<div class=\"out_of_stock_badge_loop\">\r\n\t\t\t\t\tOut of stock\t\t\t\t<\/div>\r\n\t\t\t\t\t\r\n\t\t\r\n\t\t\r\n\t\t\r\n    <\/div><!--.product_thumbnail_wrapper-->\r\n\r\n    \r\n\t<h2 class=\"woocommerce-loop-product__title\">\r\n\t\t<a href=\"https:\/\/www.dreamingdogs.com.br\/shop\/produto\/leeloo\/\">Leeloo<\/a>\r\n\t<\/h2>\r\n\r\n\t\r\n        <div class=\"product_after_shop_loop\">\r\n        <div class=\"product_after_shop_loop_switcher\">\r\n    \r\n            \n\t<span class=\"price\"><span class=\"woocommerce-Price-amount amount\"><bdi><span class=\"woocommerce-Price-currencySymbol\">&#82;&#36;<\/span>155,00<\/bdi><\/span><\/span>\n<a href=\"https:\/\/www.dreamingdogs.com.br\/shop\/produto\/leeloo\/\" aria-describedby=\"woocommerce_loop_add_to_cart_link_describedby_120\" data-quantity=\"1\" class=\"button product_type_variable\" data-product_id=\"120\" data-product_sku=\"DD005\" aria-label=\"Selecione as op\u00e7\u00f5es para &ldquo;Leeloo&rdquo;\" rel=\"nofollow\">Ver op\u00e7\u00f5es<\/a>\t<span id=\"woocommerce_loop_add_to_cart_link_describedby_120\" class=\"screen-reader-text\">\n\t\tEste produto tem v\u00e1rias variantes. As op\u00e7\u00f5es podem ser escolhidas na p\u00e1gina do produto\t<\/span>\n\r\n            <\/div>\r\n    <\/div>\r\n    \r\n\t\r\n<\/li>\r\n<li class=\"product type-product post-106 status-publish last outofstock product_cat-ruling-pens has-post-thumbnail shipping-taxable purchasable product-type-variable\">\r\n\r\n\t\r\n    <div class=\"product_thumbnail_wrapper outofstock\">\r\n\r\n\t\t<a href=\"https:\/\/www.dreamingdogs.com.br\/shop\/produto\/little-lie\/\" class=\"woocommerce-LoopProduct-link woocommerce-loop-product__link\">\r\n\r\n\t        <div class=\"product_thumbnail \">\r\n\t            <img loading=\"lazy\" decoding=\"async\" width=\"400\" height=\"400\" src=\"https:\/\/www.dreamingdogs.com.br\/shop\/wp-content\/uploads\/2017\/06\/dd-littlelie-400x400.jpg\" class=\"attachment-woocommerce_thumbnail size-woocommerce_thumbnail\" alt=\"Little lie\" srcset=\"https:\/\/www.dreamingdogs.com.br\/shop\/wp-content\/uploads\/2017\/06\/dd-littlelie-400x400.jpg 400w, https:\/\/www.dreamingdogs.com.br\/shop\/wp-content\/uploads\/2017\/06\/dd-littlelie-150x150.jpg 150w, https:\/\/www.dreamingdogs.com.br\/shop\/wp-content\/uploads\/2017\/06\/dd-littlelie-300x300.jpg 300w, https:\/\/www.dreamingdogs.com.br\/shop\/wp-content\/uploads\/2017\/06\/dd-littlelie-768x768.jpg 768w, https:\/\/www.dreamingdogs.com.br\/shop\/wp-content\/uploads\/2017\/06\/dd-littlelie-1024x1024.jpg 1024w, https:\/\/www.dreamingdogs.com.br\/shop\/wp-content\/uploads\/2017\/06\/dd-littlelie-800x800.jpg 800w, https:\/\/www.dreamingdogs.com.br\/shop\/wp-content\/uploads\/2017\/06\/dd-littlelie-100x100.jpg 100w\" sizes=\"auto, (max-width: 400px) 100vw, 400px\" \/>\t            \t        <\/div><!--.product_thumbnail-->\r\n\t\t<\/a>\r\n\r\n\t\t\t\t\t\t\t\t\t<div class=\"out_of_stock_badge_loop\">\r\n\t\t\t\t\tOut of stock\t\t\t\t<\/div>\r\n\t\t\t\t\t\r\n\t\t\r\n\t\t\r\n\t\t\r\n    <\/div><!--.product_thumbnail_wrapper-->\r\n\r\n    \r\n\t<h2 class=\"woocommerce-loop-product__title\">\r\n\t\t<a href=\"https:\/\/www.dreamingdogs.com.br\/shop\/produto\/little-lie\/\">Little lie<\/a>\r\n\t<\/h2>\r\n\r\n\t\r\n        <div class=\"product_after_shop_loop\">\r\n        <div class=\"product_after_shop_loop_switcher\">\r\n    \r\n            \n\t<span class=\"price\"><span class=\"woocommerce-Price-amount amount\"><bdi><span class=\"woocommerce-Price-currencySymbol\">&#82;&#36;<\/span>155,00<\/bdi><\/span><\/span>\n<a href=\"https:\/\/www.dreamingdogs.com.br\/shop\/produto\/little-lie\/\" aria-describedby=\"woocommerce_loop_add_to_cart_link_describedby_106\" data-quantity=\"1\" class=\"button product_type_variable\" data-product_id=\"106\" data-product_sku=\"DD003\" aria-label=\"Selecione as op\u00e7\u00f5es para &ldquo;Little lie&rdquo;\" rel=\"nofollow\">Ver op\u00e7\u00f5es<\/a>\t<span id=\"woocommerce_loop_add_to_cart_link_describedby_106\" class=\"screen-reader-text\">\n\t\tEste produto tem v\u00e1rias variantes. As op\u00e7\u00f5es podem ser escolhidas na p\u00e1gina do produto\t<\/span>\n\r\n            <\/div>\r\n    <\/div>\r\n    \r\n\t\r\n<\/li>\r\n<\/ul>\n<\/div>[\/vc_column][\/vc_row][vc_row full_width=&#8221;stretch_row_content&#8221; full_height=&#8221;yes&#8221; columns_placement=&#8221;bottom&#8221; content_placement=&#8221;bottom&#8221; height=&#8221;700px&#8221; css=&#8221;.vc_custom_1579890406674{border-right-width: 20px !important;border-bottom-width: 20px !important;border-left-width: 20px !important;background-image: url(https:\/\/www.dreamingdogs.com.br\/shop\/wp-content\/uploads\/2019\/12\/DD-ruling-pens30-scaled.jpg?id=4406) !important;background-position: center !important;background-repeat: no-repeat !important;background-size: cover !important;border-left-color: #ffffff !important;border-left-style: solid !important;border-right-color: #ffffff !important;border-right-style: solid !important;border-bottom-color: #ffffff !important;border-bottom-style: solid !important;}&#8221;][vc_column][vc_column_text]<\/p>\n<h3 style=\"text-align: center; color: #fff; font-size: 48px;\">Set of ruling pens<\/h3>\n<p>[\/vc_column_text]<p class=\"product woocommerce add_to_cart_inline \" style=\"border:4px solid #ccc; padding: 12px;\"><span class=\"woocommerce-Price-amount amount\"><bdi><span class=\"woocommerce-Price-currencySymbol\">&#82;&#36;<\/span>665,00<\/bdi><\/span><a href=\"https:\/\/www.dreamingdogs.com.br\/shop\/produto\/kit-de-ruling-pens\/\" aria-describedby=\"woocommerce_loop_add_to_cart_link_describedby_503\" data-quantity=\"1\" class=\"button product_type_variable\" data-product_id=\"503\" data-product_sku=\"DD010\" aria-label=\"Selecione as op\u00e7\u00f5es para &ldquo;Kit de Ruling Pens&rdquo;\" rel=\"nofollow\">Ver op\u00e7\u00f5es<\/a>\t<span id=\"woocommerce_loop_add_to_cart_link_describedby_503\" class=\"screen-reader-text\">\n\t\tEste produto tem v\u00e1rias variantes. As op\u00e7\u00f5es podem ser escolhidas na p\u00e1gina do produto\t<\/span>\n<\/p>[\/vc_column][\/vc_row]<\/p>\n<\/div>","protected":false},"excerpt":{"rendered":"<p>[vc_row full_width=&#8221;stretch_row_content_no_spaces&#8221; full_height=&#8221;yes&#8221; content_placement=&#8221;middle&#8221; video_bg=&#8221;yes&#8221; video_bg_url=&#8221;https:\/\/www.youtube.com\/watch?v=HCBetACtpj0&amp;feature=youtu.be&#8221;][vc_column][\/vc_column][\/vc_row][vc_row full_width=&#8221;stretch_row_content&#8221; css=&#8221;.vc_custom_1606853550204{margin-top: 80px !important;border-right-width: 10px !important;border-left-width: 10px !important;border-left-color: #ffffff !important;border-right-color: #ffffff !important;}&#8221;][vc_column css_animation=&#8221;fadeIn&#8221;][vc_column_text] We are the Dreaming Dogs. Our dogs taught us how to live so we show them how to dream.[\/vc_column_text][\/vc_column][\/vc_row][vc_row full_width=&#8221;stretch_row_content&#8221; css=&#8221;.vc_custom_1579890079969{margin-top: 50px !important;border-right-width: 10px !important;border-left-width: 10px !important;border-left-color: #ffffff !important;border-left-style: solid !important;border-right-color: #ffffff !important;border-right-style: solid !important;}&#8221;][vc_column][\/vc_column][\/vc_row][vc_row full_width=&#8221;stretch_row_content&#8221; [&hellip;]<\/p>\n","protected":false},"author":1,"featured_media":0,"parent":0,"menu_order":0,"comment_status":"closed","ping_status":"closed","template":"page-boxed.php","meta":{"footnotes":""},"class_list":["post-4081","page","type-page","status-publish","hentry"],"_links":{"self":[{"href":"https:\/\/www.dreamingdogs.com.br\/shop\/wp-json\/wp\/v2\/pages\/4081","targetHints":{"allow":["GET"]}}],"collection":[{"href":"https:\/\/www.dreamingdogs.com.br\/shop\/wp-json\/wp\/v2\/pages"}],"about":[{"href":"https:\/\/www.dreamingdogs.com.br\/shop\/wp-json\/wp\/v2\/types\/page"}],"author":[{"embeddable":true,"href":"https:\/\/www.dreamingdogs.com.br\/shop\/wp-json\/wp\/v2\/users\/1"}],"replies":[{"embeddable":true,"href":"https:\/\/www.dreamingdogs.com.br\/shop\/wp-json\/wp\/v2\/comments?post=4081"}],"version-history":[{"count":38,"href":"https:\/\/www.dreamingdogs.com.br\/shop\/wp-json\/wp\/v2\/pages\/4081\/revisions"}],"predecessor-version":[{"id":5797,"href":"https:\/\/www.dreamingdogs.com.br\/shop\/wp-json\/wp\/v2\/pages\/4081\/revisions\/5797"}],"wp:attachment":[{"href":"https:\/\/www.dreamingdogs.com.br\/shop\/wp-json\/wp\/v2\/media?parent=4081"}],"curies":[{"name":"wp","href":"https:\/\/api.w.org\/{rel}","templated":true}]}}