{"id":344,"date":"2017-07-08T14:29:18","date_gmt":"2017-07-08T17:29:18","guid":{"rendered":"https:\/\/www.dreamingdogs.com.br\/shop?post_type=product&#038;p=344"},"modified":"2025-12-23T11:35:16","modified_gmt":"2025-12-23T14:35:16","slug":"gravura-king-aldus","status":"publish","type":"product","link":"https:\/\/www.dreamingdogs.com.br\/shop\/produto\/gravura-king-aldus\/","title":{"rendered":"Gravura King Aldus"},"content":{"rendered":"","protected":false},"excerpt":{"rendered":"<p>Gravura impressa em serigrafia, 6 cores, tamanho 44,5 x 62,6 cm, em papel Debret Acervo, gramatura 200. Edi\u00e7\u00e3o de c\u00f3pias em tiragem limitada, 42 c\u00f3pias exclusivas e assinadas. Envio em embalagem canudo para maior prote\u00e7\u00e3o do produto.<\/p>\n<p>\u00b7 1 gravura King Aldus<\/p>\n<div style=\"font-size: 11px;\">*Taxas referentes \u00e0 importa\u00e7\u00e3o podem ser aplicadas ao pedido quando ingressar no pa\u00eds de destino e, nesse caso, o pagamento ficar\u00e1 a cargo do comprador. Informe-se na aduana de seu pa\u00eds.<\/div>\n<p><\/p>\n<div style=\"font-size: 11px;\">*Nossos produtos s\u00e3o confeccionados individualmente e de forma artesanal. Assim que houver a confirma\u00e7\u00e3o do pedido, sua encomenda ser\u00e1 preparada e postada em at\u00e9 sete dias \u00fateis. Ap\u00f3s a postagem, o prazo de entrega ser\u00e1 determinado pelos Correios conforme a regi\u00e3o e a modalidade de frete escolhida.<\/div>\n","protected":false},"featured_media":3168,"template":"","meta":[],"product_brand":[],"product_cat":[19],"product_tag":[],"class_list":{"0":"post-344","1":"product","2":"type-product","3":"status-publish","4":"has-post-thumbnail","6":"product_cat-arte","8":"first","9":"outofstock","10":"shipping-taxable","11":"purchasable","12":"product-type-simple"},"_links":{"self":[{"href":"https:\/\/www.dreamingdogs.com.br\/shop\/wp-json\/wp\/v2\/product\/344","targetHints":{"allow":["GET"]}}],"collection":[{"href":"https:\/\/www.dreamingdogs.com.br\/shop\/wp-json\/wp\/v2\/product"}],"about":[{"href":"https:\/\/www.dreamingdogs.com.br\/shop\/wp-json\/wp\/v2\/types\/product"}],"wp:featuredmedia":[{"embeddable":true,"href":"https:\/\/www.dreamingdogs.com.br\/shop\/wp-json\/wp\/v2\/media\/3168"}],"wp:attachment":[{"href":"https:\/\/www.dreamingdogs.com.br\/shop\/wp-json\/wp\/v2\/media?parent=344"}],"wp:term":[{"taxonomy":"product_brand","embeddable":true,"href":"https:\/\/www.dreamingdogs.com.br\/shop\/wp-json\/wp\/v2\/product_brand?post=344"},{"taxonomy":"product_cat","embeddable":true,"href":"https:\/\/www.dreamingdogs.com.br\/shop\/wp-json\/wp\/v2\/product_cat?post=344"},{"taxonomy":"product_tag","embeddable":true,"href":"https:\/\/www.dreamingdogs.com.br\/shop\/wp-json\/wp\/v2\/product_tag?post=344"}],"curies":[{"name":"wp","href":"https:\/\/api.w.org\/{rel}","templated":true}]}}