{"id":402,"date":"2017-07-08T14:46:36","date_gmt":"2017-07-08T17:46:36","guid":{"rendered":"https:\/\/www.dreamingdogs.com.br\/shop?post_type=product&#038;p=402"},"modified":"2026-01-06T10:15:08","modified_gmt":"2026-01-06T13:15:08","slug":"kit-de-ruling-pens-estojo-fifo","status":"publish","type":"product","link":"https:\/\/www.dreamingdogs.com.br\/shop\/produto\/kit-de-ruling-pens-estojo-fifo\/","title":{"rendered":"Kit de Ruling Pens + Estojo Fifo"},"content":{"rendered":"","protected":false},"excerpt":{"rendered":"<p>Kit completo com os seis modelos de rulings pens numa embalagem de papel Kraft, exclusiva + estojo Fifo para transporte.\u00a0Pontas em a\u00e7o inoxid\u00e1vel, cabos em madeira e estojo em couro sint\u00e9tico.<\/p>\n<p>\u00b7 6 modelos<br \/>\n\u00b7 1 estojo Fifo<br \/>\n\u00b7 Embalagem de papel<br \/>\n\u00b7 Manual de instru\u00e7\u00f5es<\/p>\n<div style=\"font-size: 11px;\">*Ao selecionar a cor do cabo, dependendo da nossa disponibilidade de produtos, voc\u00ea poder\u00e1 receber qualquer tipo de madeira que comp\u00f5e a categoria selecionada.<\/p>\n<\/div>\n<div style=\"font-size: 11px;\">*Taxas referentes \u00e0 importa\u00e7\u00e3o podem ser aplicadas ao pedido quando ingressar no pa\u00eds de destino e, nesse caso, o pagamento ficar\u00e1 a cargo do comprador. Informe-se na aduana de seu pa\u00eds.<\/p>\n<\/div>\n<div style=\"font-size: 11px;\">*Nossos produtos s\u00e3o confeccionados individualmente e de forma artesanal. Assim que houver a confirma\u00e7\u00e3o do pedido, sua encomenda ser\u00e1 preparada e postada em at\u00e9 sete dias \u00fateis. Ap\u00f3s a postagem, o prazo de entrega ser\u00e1 determinado pelos Correios conforme a regi\u00e3o e a modalidade de frete escolhida.<\/div>\n","protected":false},"featured_media":4958,"template":"","meta":[],"product_brand":[],"product_cat":[18],"product_tag":[],"class_list":{"0":"post-402","1":"product","2":"type-product","3":"status-publish","4":"has-post-thumbnail","6":"product_cat-ruling-pens","8":"first","9":"outofstock","10":"shipping-taxable","11":"purchasable","12":"product-type-variable"},"_links":{"self":[{"href":"https:\/\/www.dreamingdogs.com.br\/shop\/wp-json\/wp\/v2\/product\/402","targetHints":{"allow":["GET"]}}],"collection":[{"href":"https:\/\/www.dreamingdogs.com.br\/shop\/wp-json\/wp\/v2\/product"}],"about":[{"href":"https:\/\/www.dreamingdogs.com.br\/shop\/wp-json\/wp\/v2\/types\/product"}],"wp:featuredmedia":[{"embeddable":true,"href":"https:\/\/www.dreamingdogs.com.br\/shop\/wp-json\/wp\/v2\/media\/4958"}],"wp:attachment":[{"href":"https:\/\/www.dreamingdogs.com.br\/shop\/wp-json\/wp\/v2\/media?parent=402"}],"wp:term":[{"taxonomy":"product_brand","embeddable":true,"href":"https:\/\/www.dreamingdogs.com.br\/shop\/wp-json\/wp\/v2\/product_brand?post=402"},{"taxonomy":"product_cat","embeddable":true,"href":"https:\/\/www.dreamingdogs.com.br\/shop\/wp-json\/wp\/v2\/product_cat?post=402"},{"taxonomy":"product_tag","embeddable":true,"href":"https:\/\/www.dreamingdogs.com.br\/shop\/wp-json\/wp\/v2\/product_tag?post=402"}],"curies":[{"name":"wp","href":"https:\/\/api.w.org\/{rel}","templated":true}]}}